{"id":31756,"date":"2026-05-11T17:21:17","date_gmt":"2026-05-11T17:21:17","guid":{"rendered":"https:\/\/larhogar.shop\/product\/segway-ninebot-max-g2-d-e-scooter-mit-strassenzulassung-fur-erwachsene-max-20-km-h-geschwindigkeit-70-km-reichweite-lange-reichweite\/"},"modified":"2026-05-11T17:21:17","modified_gmt":"2026-05-11T17:21:17","slug":"segway-ninebot-max-g2-d-e-scooter-mit-strassenzulassung-fur-erwachsene-max-20-km-h-geschwindigkeit-70-km-reichweite-lange-reichweite","status":"publish","type":"product","link":"https:\/\/larhogar.shop\/en\/product\/segway-ninebot-max-g2-d-e-scooter-mit-strassenzulassung-fur-erwachsene-max-20-km-h-geschwindigkeit-70-km-reichweite-lange-reichweite\/","title":{"rendered":"Segway Ninebot MAX G2 D E-Scooter Stra\u00dfenzulassung 70 km Reichweite 20 km\/h Erwachsene"},"content":{"rendered":"<p><strong>Product Overview<\/strong><\/p>\n<ul>\n<li>\n<strong>Marke:<\/strong> Segway-Ninebot<\/li>\n<li>\n<strong>Farbe:<\/strong> grau<\/li>\n<li>\n<strong>Altersspektrum (Beschreibung):<\/strong> Erwachsene<\/li>\n<li>\n<strong>Besonderes Merkmal:<\/strong> Regeneratives Bremssystem<\/li>\n<li>\n<strong>Gewichtsbegrenzung:<\/strong> 120 Kilogramm<\/li>\n<li>\n<strong>Produktabmessungen:<\/strong> 121L x 57B x 126,4H cm<\/li>\n<li>\n<strong>Anzahl der R\u00e4der:<\/strong> 2<\/li>\n<li>\n<strong>Modellname:<\/strong> Max G2 D<\/li>\n<li>\n<strong>Radwerkstoff:<\/strong> Gummi<\/li>\n<li>\n<strong>Rahmenmaterial:<\/strong> Aluminium<\/li>\n<\/ul>\n<p><strong>Product Features<\/strong><\/p>\n<ul>\n<li>[REICHWEITE] Reichweite von bis zu 70 km mit einer einzigen Ladung*<\/li>\n<li>[LEISTUNG] 450 W Nennleistung und 22% Steigungswinkel<\/li>\n<li>[FEDERUNG] Doppeltes Federungssystem (hydraulischer D\u00e4mpfer vorne und Doppelfederung hinten)<\/li>\n<li>[WORKS with Aplle Find My] Dank Apple Find My Network k\u00f6nnen Sie Ihren KickScooter \u00fcberall finden! Nachdem Sie Apple Find My via Segway-Ninebot App aktiviert und mit Ihrem KickScooter gekoppelt haben, k\u00f6nnen Sie Ihren KickScooter bei Bedarf schnell \u00fcber die \u201eFind My\u201c-App auf Ihrem iPhone finden.<\/li>\n<li>[REIFEN] 10-Zoll-Tubeless Reifen mit Gelschicht im Reifen, die ein Loch von 4 mm oder weniger im Reifenprofilabdichtet<\/li>\n<\/ul>\n<p><strong>Product Information<\/strong><\/p>\n<ul>\n<table style=\"margin-bottom:20px\">\n<tbody>\n<tr>\n<td><strong>Besondere Merkmale<\/strong><\/td>\n<td>Regeneratives Bremssystem<\/td>\n<\/tr>\n<tr>\n<td><strong>Max. Nutzlast<\/strong><\/td>\n<td>120 Kilogramm<\/td>\n<\/tr>\n<tr>\n<td><strong>Anzahl an R\u00e4dern<\/strong><\/td>\n<td>2<\/td>\n<\/tr>\n<tr>\n<td><strong>Lenkstangentyp<\/strong><\/td>\n<td>T-shaped<\/td>\n<\/tr>\n<tr>\n<td><strong>Radtyp<\/strong><\/td>\n<td>Pneumatische<\/td>\n<\/tr>\n<tr>\n<td><strong>Federungstyp<\/strong><\/td>\n<td>Vollfederung<\/td>\n<\/tr>\n<tr>\n<td><strong>Grifftyp<\/strong><\/td>\n<td>Gummi<\/td>\n<\/tr>\n<tr>\n<td><strong>Bremsenart<\/strong><\/td>\n<td>Regeneratives Bremsen<\/td>\n<\/tr>\n<tr>\n<td><strong>Batterieladezeit<\/strong><\/td>\n<td>6 Stunden<\/td>\n<\/tr>\n<tr>\n<td><strong>Maximale Reichweite<\/strong><\/td>\n<td>70 Km<\/td>\n<\/tr>\n<tr>\n<td><strong>Artikel Abmessungen L x B x H<\/strong><\/td>\n<td>121L x 57B x 126,4H cm<\/td>\n<\/tr>\n<tr>\n<td><strong>Artikelgewicht<\/strong><\/td>\n<td>24,29 Kilogramm<\/td>\n<\/tr>\n<tr>\n<td><strong>Reifengr\u00f6\u00dfe<\/strong><\/td>\n<td>254 Millimeter<\/td>\n<\/tr>\n<tr>\n<td><strong>Radmaterial<\/strong><\/td>\n<td>Gummi<\/td>\n<\/tr>\n<tr>\n<td><strong>Rahmenmaterialtyp<\/strong><\/td>\n<td>Aluminium<\/td>\n<\/tr>\n<tr>\n<td><strong>Farbe<\/strong><\/td>\n<td>grau<\/td>\n<\/tr>\n<tr>\n<td><strong>Marke<\/strong><\/td>\n<td>Segway-Ninebot<\/td>\n<\/tr>\n<tr>\n<td><strong>Altersgruppe Beschreibung<\/strong><\/td>\n<td>Erwachsene<\/td>\n<\/tr>\n<tr>\n<td><strong>Modellname<\/strong><\/td>\n<td>Max G2 D<\/td>\n<\/tr>\n<tr>\n<td><strong>Empfohlene Verw.bereiche f\u00fcr Produkt<\/strong><\/td>\n<td>Pendeln<\/td>\n<\/tr>\n<tr>\n<td><strong>Hersteller<\/strong><\/td>\n<td>Segway-Ninebot<\/td>\n<\/tr>\n<tr>\n<td><strong>Modellnummer<\/strong><\/td>\n<td>MAX G2 D<\/td>\n<\/tr>\n<tr>\n<td><strong>Artikelnummer<\/strong><\/td>\n<td>MAX G2 D<\/td>\n<\/tr>\n<tr>\n<td><strong>Artikeltyp Name<\/strong><\/td>\n<td>Ninebot KickScooter MAX G2 D<\/td>\n<\/tr>\n<tr>\n<td><strong>Herkunftsland<\/strong><\/td>\n<td>China<\/td>\n<\/tr>\n<tr>\n<td><strong>Eingeschlossene Komponenten<\/strong><\/td>\n<td>Ninebot KickScooter MAX G2 D, Ladeger\u00e4t, Bedienungsanleitung<\/td>\n<\/tr>\n<tr>\n<td><strong>Garantie f\u00fcr das Produkt<\/strong><\/td>\n<td>24 Monate Gew\u00e4hrleistung<\/td>\n<\/tr>\n<tr>\n<td><strong>Amazon Bestseller-Rang<\/strong><\/td>\n<td><\/td>\n<\/tr>\n<tr>\n<td><strong>ASIN<\/strong><\/td>\n<td>B0B3RWP3ZP<\/td>\n<\/tr>\n<tr>\n<td><strong>Durchschnittliche Kundenbewertung<\/strong><\/td>\n<td><\/td>\n<\/tr>\n<tr>\n<td><strong>Art der Garantie<\/strong><\/td>\n<td>Beschr\u00e4nkt<\/td>\n<\/tr>\n<tr>\n<td><strong>Verf\u00fcgbarkeitsdauer f\u00fcr EU-Ersatzteile<\/strong><\/td>\n<td>2 Jahre<\/td>\n<\/tr>\n<\/tbody>\n<\/table>\n<\/ul>\n","protected":false},"excerpt":{"rendered":"<p>Product Overview Marke: Segway-Ninebot Farbe: grau Altersspektrum (Beschreibung): Erwachsene Besonderes Merkmal: Regeneratives Bremssystem Gewichtsbegrenzung: 120 Kilogramm Produktabmessungen: 121L x 57B<\/p>","protected":false},"featured_media":31892,"comment_status":"open","ping_status":"closed","template":"","meta":[],"product_brand":[],"product_cat":[153],"product_tag":[],"class_list":{"0":"post-31756","1":"product","2":"type-product","3":"status-publish","4":"has-post-thumbnail","6":"product_cat-e-scooter","8":"first","9":"instock","10":"shipping-taxable","11":"purchasable","12":"product-type-variable"},"jetpack_sharing_enabled":true,"_links":{"self":[{"href":"https:\/\/larhogar.shop\/en\/wp-json\/wp\/v2\/product\/31756","targetHints":{"allow":["GET"]}}],"collection":[{"href":"https:\/\/larhogar.shop\/en\/wp-json\/wp\/v2\/product"}],"about":[{"href":"https:\/\/larhogar.shop\/en\/wp-json\/wp\/v2\/types\/product"}],"replies":[{"embeddable":true,"href":"https:\/\/larhogar.shop\/en\/wp-json\/wp\/v2\/comments?post=31756"}],"version-history":[{"count":0,"href":"https:\/\/larhogar.shop\/en\/wp-json\/wp\/v2\/product\/31756\/revisions"}],"wp:featuredmedia":[{"embeddable":true,"href":"https:\/\/larhogar.shop\/en\/wp-json\/wp\/v2\/media\/31892"}],"wp:attachment":[{"href":"https:\/\/larhogar.shop\/en\/wp-json\/wp\/v2\/media?parent=31756"}],"wp:term":[{"taxonomy":"product_brand","embeddable":true,"href":"https:\/\/larhogar.shop\/en\/wp-json\/wp\/v2\/product_brand?post=31756"},{"taxonomy":"product_cat","embeddable":true,"href":"https:\/\/larhogar.shop\/en\/wp-json\/wp\/v2\/product_cat?post=31756"},{"taxonomy":"product_tag","embeddable":true,"href":"https:\/\/larhogar.shop\/en\/wp-json\/wp\/v2\/product_tag?post=31756"}],"curies":[{"name":"wp","href":"https:\/\/api.w.org\/{rel}","templated":true}]}}