{"id":31750,"date":"2026-05-11T17:21:16","date_gmt":"2026-05-11T17:21:16","guid":{"rendered":"https:\/\/larhogar.shop\/product\/segway-ninebot-f2-pro-d-e-scooter-mit-strassenzulassung-fur-erwachsene-max-20-km-h-geschwindigkeit-55-km-reichweite-lange-reichweite\/"},"modified":"2026-05-11T17:21:17","modified_gmt":"2026-05-11T17:21:17","slug":"segway-ninebot-f2-pro-d-e-scooter-mit-strassenzulassung-fur-erwachsene-max-20-km-h-geschwindigkeit-55-km-reichweite-lange-reichweite","status":"publish","type":"product","link":"https:\/\/larhogar.shop\/en\/product\/segway-ninebot-f2-pro-d-e-scooter-mit-strassenzulassung-fur-erwachsene-max-20-km-h-geschwindigkeit-55-km-reichweite-lange-reichweite\/","title":{"rendered":"Segway Ninebot F2 Pro D E-Scooter Stra\u00dfenzulassung 55 km Reichweite 20 km\/h Erwachsene"},"content":{"rendered":"<p><strong>Product Overview<\/strong><\/p>\n<ul>\n<li>\n<strong>Marke:<\/strong> Segway-Ninebot<\/li>\n<li>\n<strong>Farbe:<\/strong> grau<\/li>\n<li>\n<strong>Altersspektrum (Beschreibung):<\/strong> Erwachsene<\/li>\n<li>\n<strong>Besonderes Merkmal:<\/strong> Zusammenklappbar<\/li>\n<li>\n<strong>Gewichtsbegrenzung:<\/strong> 120 Kilogramm<\/li>\n<li>\n<strong>Produktabmessungen:<\/strong> 50L x 50B x 28H cm<\/li>\n<li>\n<strong>Anzahl der R\u00e4der:<\/strong> 2<\/li>\n<li>\n<strong>Modellname:<\/strong> F2 Pro D<\/li>\n<li>\n<strong>Radwerkstoff:<\/strong> Polyurethan<\/li>\n<li>\n<strong>Rahmenmaterial:<\/strong> Aluminium<\/li>\n<\/ul>\n<p><strong>Product Features<\/strong><\/p>\n<ul>\n<li>[REICHWEITE] Reichweite von bis zu 55 km mit einer einzigen Ladung*<\/li>\n<li>[LEISTUNG] 450 W Nominalleistung und 22% Steigungswinkel<\/li>\n<li>[BLINKER] Dank der eingebauten Front- und Heckblinker sind Sie Tag und Nacht sichtbar. Indem sie den anderen den Weg zeigen, sorgen die Blinker f\u00fcr Sicherheit und verringern die Gefahr beim Abbiegen.<\/li>\n<li>[FAHRSICHERHEIT} Das Traction Control System (TCS)-Technologie sorgt f\u00fcr erh\u00f6hte Traktion auf Schotterpisten oder rutschigen Stra\u00dfe f\u00fcr Stabilit\u00e4t und Sicherheit [HUPE] elektrische Hupe<\/li>\n<li>[NUTZLAST] max. Fahrergewicht 120 kg [FEDERUNG] vordere Federaufh\u00e4ngung mit 35 mm Hubl\u00e4nge<\/li>\n<\/ul>\n<p><strong>Product Information<\/strong><\/p>\n<ul>\n<table style=\"margin-bottom:20px\">\n<tbody>\n<tr>\n<td><strong>Besondere Merkmale<\/strong><\/td>\n<td>Zusammenklappbar<\/td>\n<\/tr>\n<tr>\n<td><strong>Max. Nutzlast<\/strong><\/td>\n<td>120 Kilogramm<\/td>\n<\/tr>\n<tr>\n<td><strong>Anzahl an R\u00e4dern<\/strong><\/td>\n<td>2<\/td>\n<\/tr>\n<tr>\n<td><strong>Lenkstangentyp<\/strong><\/td>\n<td>Einstellbar<\/td>\n<\/tr>\n<tr>\n<td><strong>Radtyp<\/strong><\/td>\n<td>Gemischt<\/td>\n<\/tr>\n<tr>\n<td><strong>Federungstyp<\/strong><\/td>\n<td>Vorderradfederung<\/td>\n<\/tr>\n<tr>\n<td><strong>Grifftyp<\/strong><\/td>\n<td>Ergonomisch<\/td>\n<\/tr>\n<tr>\n<td><strong>Bremsenart<\/strong><\/td>\n<td>[INF] Verstellbarer Lenker, der Handbremse bedeuten k\u00f6nnte, aber andere Bremsarten wie Hinterfu\u00dfbremse, Kotfl\u00fcgelbremse oder regeneratives Bremsen k\u00f6nnen mit den bereitgestellten Informationen nicht best\u00e4tigt werden<\/td>\n<\/tr>\n<tr>\n<td><strong>Batterieladezeit<\/strong><\/td>\n<td>7 Stunden<\/td>\n<\/tr>\n<tr>\n<td><strong>Maximale Reichweite<\/strong><\/td>\n<td>55 Km<\/td>\n<\/tr>\n<tr>\n<td><strong>Artikel Abmessungen L x B x H<\/strong><\/td>\n<td>50L x 50B x 28H cm<\/td>\n<\/tr>\n<tr>\n<td><strong>Artikelgewicht<\/strong><\/td>\n<td>18,5 Kilogramm<\/td>\n<\/tr>\n<tr>\n<td><strong>Reifengr\u00f6\u00dfe<\/strong><\/td>\n<td>10 Zoll<\/td>\n<\/tr>\n<tr>\n<td><strong>Radmaterial<\/strong><\/td>\n<td>Polyurethan<\/td>\n<\/tr>\n<tr>\n<td><strong>Rahmenmaterialtyp<\/strong><\/td>\n<td>Aluminium<\/td>\n<\/tr>\n<tr>\n<td><strong>Farbe<\/strong><\/td>\n<td>grau<\/td>\n<\/tr>\n<tr>\n<td><strong>Marke<\/strong><\/td>\n<td>Segway-Ninebot<\/td>\n<\/tr>\n<tr>\n<td><strong>Altersgruppe Beschreibung<\/strong><\/td>\n<td>Erwachsene<\/td>\n<\/tr>\n<tr>\n<td><strong>Modellname<\/strong><\/td>\n<td>F2 Pro D<\/td>\n<\/tr>\n<tr>\n<td><strong>Empfohlene Verw.bereiche f\u00fcr Produkt<\/strong><\/td>\n<td>Urban Commuting, Freizeitreiten<\/td>\n<\/tr>\n<tr>\n<td><strong>Hersteller<\/strong><\/td>\n<td>Segway-Ninebot<\/td>\n<\/tr>\n<tr>\n<td><strong>Modellnummer<\/strong><\/td>\n<td>AA.10.05.01.0003<\/td>\n<\/tr>\n<tr>\n<td><strong>Artikelnummer<\/strong><\/td>\n<td>AA.05.12.03.0002<\/td>\n<\/tr>\n<tr>\n<td><strong>Artikeltyp Name<\/strong><\/td>\n<td>Ninebot KickScooter F2 PRO D<\/td>\n<\/tr>\n<tr>\n<td><strong>Herkunftsland<\/strong><\/td>\n<td>China<\/td>\n<\/tr>\n<tr>\n<td><strong>Eingeschlossene Komponenten<\/strong><\/td>\n<td>Ninebot KickScooter F2 PRO D, Ladeger\u00e4t, Bedienungsanleitung<\/td>\n<\/tr>\n<tr>\n<td><strong>Garantie f\u00fcr das Produkt<\/strong><\/td>\n<td>24 Monate Gew\u00e4hrleistung<\/td>\n<\/tr>\n<tr>\n<td><strong>Amazon Bestseller-Rang<\/strong><\/td>\n<td><\/td>\n<\/tr>\n<tr>\n<td><strong>ASIN<\/strong><\/td>\n<td>B0B3RZC4V6<\/td>\n<\/tr>\n<tr>\n<td><strong>Durchschnittliche Kundenbewertung<\/strong><\/td>\n<td><\/td>\n<\/tr>\n<tr>\n<td><strong>Art der Garantie<\/strong><\/td>\n<td>Beschr\u00e4nkt<\/td>\n<\/tr>\n<\/tbody>\n<\/table>\n<\/ul>\n","protected":false},"excerpt":{"rendered":"<p>Product Overview Marke: Segway-Ninebot Farbe: grau Altersspektrum (Beschreibung): Erwachsene Besonderes Merkmal: Zusammenklappbar Gewichtsbegrenzung: 120 Kilogramm Produktabmessungen: 50L x 50B x<\/p>","protected":false},"featured_media":31879,"comment_status":"open","ping_status":"closed","template":"","meta":[],"product_brand":[],"product_cat":[153],"product_tag":[],"class_list":{"0":"post-31750","1":"product","2":"type-product","3":"status-publish","4":"has-post-thumbnail","6":"product_cat-e-scooter","8":"first","9":"instock","10":"shipping-taxable","11":"purchasable","12":"product-type-variable"},"jetpack_sharing_enabled":true,"_links":{"self":[{"href":"https:\/\/larhogar.shop\/en\/wp-json\/wp\/v2\/product\/31750","targetHints":{"allow":["GET"]}}],"collection":[{"href":"https:\/\/larhogar.shop\/en\/wp-json\/wp\/v2\/product"}],"about":[{"href":"https:\/\/larhogar.shop\/en\/wp-json\/wp\/v2\/types\/product"}],"replies":[{"embeddable":true,"href":"https:\/\/larhogar.shop\/en\/wp-json\/wp\/v2\/comments?post=31750"}],"version-history":[{"count":0,"href":"https:\/\/larhogar.shop\/en\/wp-json\/wp\/v2\/product\/31750\/revisions"}],"wp:featuredmedia":[{"embeddable":true,"href":"https:\/\/larhogar.shop\/en\/wp-json\/wp\/v2\/media\/31879"}],"wp:attachment":[{"href":"https:\/\/larhogar.shop\/en\/wp-json\/wp\/v2\/media?parent=31750"}],"wp:term":[{"taxonomy":"product_brand","embeddable":true,"href":"https:\/\/larhogar.shop\/en\/wp-json\/wp\/v2\/product_brand?post=31750"},{"taxonomy":"product_cat","embeddable":true,"href":"https:\/\/larhogar.shop\/en\/wp-json\/wp\/v2\/product_cat?post=31750"},{"taxonomy":"product_tag","embeddable":true,"href":"https:\/\/larhogar.shop\/en\/wp-json\/wp\/v2\/product_tag?post=31750"}],"curies":[{"name":"wp","href":"https:\/\/api.w.org\/{rel}","templated":true}]}}