{"id":31744,"date":"2026-05-11T17:21:16","date_gmt":"2026-05-11T17:21:16","guid":{"rendered":"https:\/\/larhogar.shop\/product\/segway-ninebot-e3-pro-d-e-scooter-deutscher-strassenzulassung-55-km-eco-modus-reichweite-47km-sport-modus-reichweite-federung-vorne-hinten-800-w-motor-faltbar-17-9-kg-10-zoll-reifen-ipx5\/"},"modified":"2026-05-11T17:21:17","modified_gmt":"2026-05-11T17:21:17","slug":"segway-ninebot-e3-pro-d-e-scooter-deutscher-strassenzulassung-55-km-eco-modus-reichweite-47km-sport-modus-reichweite-federung-vorne-hinten-800-w-motor-faltbar-17-9-kg-10-zoll-reifen-ipx5","status":"publish","type":"product","link":"https:\/\/larhogar.shop\/en\/product\/segway-ninebot-e3-pro-d-e-scooter-deutscher-strassenzulassung-55-km-eco-modus-reichweite-47km-sport-modus-reichweite-federung-vorne-hinten-800-w-motor-faltbar-17-9-kg-10-zoll-reifen-ipx5\/","title":{"rendered":"Segway Ninebot E3 Pro D E-Scooter Stra\u00dfenzulassung 55 km 800W Motor Federung 10 Zoll IPX5 Faltbar"},"content":{"rendered":"<p><strong>Product Overview<\/strong><\/p>\n<ul>\n<li>\n<strong>Marke:<\/strong> Segway-Ninebot<\/li>\n<li>\n<strong>Farbe:<\/strong> Silver\/Black<\/li>\n<li>\n<strong>Altersspektrum (Beschreibung):<\/strong> Erwachsene<\/li>\n<li>\n<strong>Besonderes Merkmal:<\/strong> Abschlie\u00dfbar, Digitalanzeige, Duales Bremssystem, Leicht, Zusammenklappbar<\/li>\n<li>\n<strong>Gewichtsbegrenzung:<\/strong> 100 Kilogramm<\/li>\n<li>\n<strong>Produktabmessungen:<\/strong> 136,5L x 66,6B x 137H cm<\/li>\n<li>\n<strong>Anzahl der R\u00e4der:<\/strong> 2<\/li>\n<li>\n<strong>Modellname:<\/strong> E3 Pro D<\/li>\n<li>\n<strong>Radwerkstoff:<\/strong> Gummi<\/li>\n<li>\n<strong>Rahmenmaterial:<\/strong> Aluminium<\/li>\n<\/ul>\n<p><strong>Product Features<\/strong><\/p>\n<ul>\n<li>Leistungsstarker Motor f\u00fcr Stadtfahrten: Der Motor erm\u00f6glicht eine Geschwindigkeit von bis zu 20km\/h und Steigungen bis 18% \u2013 ideal f\u00fcr den t\u00e4glichen Stadtverkehr und schnelle Erledigungen.<\/li>\n<li>SegRange Technologie: Mit bis zu 55km Reichweite im Eco Modus (47km bei H\u00f6chstgeschwindigkeit) dank SegRange Technologie bleibt der E-Scooter ausdauernd und effizient auf langen Strecken.<\/li>\n<li>Komfortables Fahrgef\u00fchl mit Federung: 10-Zoll schlauchlose Reifen und Elastomerfederung vorne und hinten sorgen f\u00fcr Stabilit\u00e4t und Fahrkomfort, auch auf unebenen Wegen oder Kopfsteinpflaster.<\/li>\n<li>Sicheres Bremsen &#038; optimale Kontrolle: Trommelbremse vorne, elektronische Bremse hinten und das SegRide System mit Traktionskontrolle garantieren Sicherheit und Grip bei jedem Wetter.<\/li>\n<li>Smartes &#038; urbanes Design: Nur 17,9kg Eigengewicht, kompakt faltbar, mit Apple \u201eFind My\u201c-Funktion, IPX5-Wasserschutz, LED-Display und 4W Frontlicht \u2013 ideal f\u00fcr smarte City-Pendler.<\/li>\n<\/ul>\n<p><strong>Product Information<\/strong><\/p>\n<ul>\n<table style=\"margin-bottom:20px\">\n<tbody>\n<tr>\n<td><strong>Besondere Merkmale<\/strong><\/td>\n<td>Abschlie\u00dfbar, Digitalanzeige, Duales Bremssystem, Leicht, Zusammenklappbar<\/td>\n<\/tr>\n<tr>\n<td><strong>Max. Nutzlast<\/strong><\/td>\n<td>100 Kilogramm<\/td>\n<\/tr>\n<tr>\n<td><strong>Anzahl an R\u00e4dern<\/strong><\/td>\n<td>2<\/td>\n<\/tr>\n<tr>\n<td><strong>Lenkstangentyp<\/strong><\/td>\n<td>Einstellbar<\/td>\n<\/tr>\n<tr>\n<td><strong>Radtyp<\/strong><\/td>\n<td>Pneumatische<\/td>\n<\/tr>\n<tr>\n<td><strong>Federungstyp<\/strong><\/td>\n<td>Vollfederung<\/td>\n<\/tr>\n<tr>\n<td><strong>Grifftyp<\/strong><\/td>\n<td>Rubber<\/td>\n<\/tr>\n<tr>\n<td><strong>Bremsenart<\/strong><\/td>\n<td>Hinterradbremse, Vorderradbremse<\/td>\n<\/tr>\n<tr>\n<td><strong>Maximale Reichweite<\/strong><\/td>\n<td>55 Km<\/td>\n<\/tr>\n<tr>\n<td><strong>Batteriekapazit\u00e4t<\/strong><\/td>\n<td>55 Km<\/td>\n<\/tr>\n<tr>\n<td><strong>Artikel Abmessungen L x B x H<\/strong><\/td>\n<td>136,5L x 66,6B x 137H cm<\/td>\n<\/tr>\n<tr>\n<td><strong>Artikelgewicht<\/strong><\/td>\n<td>17,9 Kilogramm<\/td>\n<\/tr>\n<tr>\n<td><strong>Reifengr\u00f6\u00dfe<\/strong><\/td>\n<td>10 Zoll<\/td>\n<\/tr>\n<tr>\n<td><strong>Radmaterial<\/strong><\/td>\n<td>Gummi<\/td>\n<\/tr>\n<tr>\n<td><strong>Rahmenmaterialtyp<\/strong><\/td>\n<td>Aluminium<\/td>\n<\/tr>\n<tr>\n<td><strong>Farbe<\/strong><\/td>\n<td>Silver\/Black<\/td>\n<\/tr>\n<tr>\n<td><strong>Marke<\/strong><\/td>\n<td>Segway-Ninebot<\/td>\n<\/tr>\n<tr>\n<td><strong>Altersgruppe Beschreibung<\/strong><\/td>\n<td>Erwachsene<\/td>\n<\/tr>\n<tr>\n<td><strong>Modellname<\/strong><\/td>\n<td>E3 Pro D<\/td>\n<\/tr>\n<tr>\n<td><strong>Empfohlene Verw.bereiche f\u00fcr Produkt<\/strong><\/td>\n<td>St\u00e4dtische Pendelfahrt<\/td>\n<\/tr>\n<tr>\n<td><strong>Empfohlenes H\u00f6chstalter<\/strong><\/td>\n<td>16<\/td>\n<\/tr>\n<tr>\n<td><strong>Hersteller<\/strong><\/td>\n<td>Segway-Ninebot<\/td>\n<\/tr>\n<tr>\n<td><strong>Modellnummer<\/strong><\/td>\n<td>AA.05.12.03.0002<\/td>\n<\/tr>\n<tr>\n<td><strong>Artikelnummer<\/strong><\/td>\n<td>AA.05.19.02.0001<\/td>\n<\/tr>\n<tr>\n<td><strong>Artikeltyp Name<\/strong><\/td>\n<td>eScooter<\/td>\n<\/tr>\n<tr>\n<td><strong>Herkunftsland<\/strong><\/td>\n<td>China<\/td>\n<\/tr>\n<tr>\n<td><strong>Eingeschlossene Komponenten<\/strong><\/td>\n<td>E scooter, Charging Cable<\/td>\n<\/tr>\n<tr>\n<td><strong>Garantie f\u00fcr das Produkt<\/strong><\/td>\n<td>2 year manufacturer<\/td>\n<\/tr>\n<tr>\n<td><strong>Amazon Bestseller-Rang<\/strong><\/td>\n<td><\/td>\n<\/tr>\n<tr>\n<td><strong>ASIN<\/strong><\/td>\n<td>B0FFGNQ4QS<\/td>\n<\/tr>\n<tr>\n<td><strong>Durchschnittliche Kundenbewertung<\/strong><\/td>\n<td><\/td>\n<\/tr>\n<tr>\n<td><strong>Art der Garantie<\/strong><\/td>\n<td>Lebensdauer<\/td>\n<\/tr>\n<\/tbody>\n<\/table>\n<\/ul>","protected":false},"excerpt":{"rendered":"<p>Product Overview Marke: Segway-Ninebot Farbe: Silver\/Black Altersspektrum (Beschreibung): Erwachsene Besonderes Merkmal: Abschlie\u00dfbar, Digitalanzeige, Duales Bremssystem, Leicht, Zusammenklappbar Gewichtsbegrenzung: 100 Kilogramm<\/p>","protected":false},"featured_media":31862,"comment_status":"open","ping_status":"closed","template":"","meta":[],"product_brand":[],"product_cat":[153],"product_tag":[],"class_list":{"0":"post-31744","1":"product","2":"type-product","3":"status-publish","4":"has-post-thumbnail","6":"product_cat-e-scooter","8":"first","9":"instock","10":"shipping-taxable","11":"purchasable","12":"product-type-variable"},"jetpack_sharing_enabled":true,"_links":{"self":[{"href":"https:\/\/larhogar.shop\/en\/wp-json\/wp\/v2\/product\/31744","targetHints":{"allow":["GET"]}}],"collection":[{"href":"https:\/\/larhogar.shop\/en\/wp-json\/wp\/v2\/product"}],"about":[{"href":"https:\/\/larhogar.shop\/en\/wp-json\/wp\/v2\/types\/product"}],"replies":[{"embeddable":true,"href":"https:\/\/larhogar.shop\/en\/wp-json\/wp\/v2\/comments?post=31744"}],"version-history":[{"count":0,"href":"https:\/\/larhogar.shop\/en\/wp-json\/wp\/v2\/product\/31744\/revisions"}],"wp:featuredmedia":[{"embeddable":true,"href":"https:\/\/larhogar.shop\/en\/wp-json\/wp\/v2\/media\/31862"}],"wp:attachment":[{"href":"https:\/\/larhogar.shop\/en\/wp-json\/wp\/v2\/media?parent=31744"}],"wp:term":[{"taxonomy":"product_brand","embeddable":true,"href":"https:\/\/larhogar.shop\/en\/wp-json\/wp\/v2\/product_brand?post=31744"},{"taxonomy":"product_cat","embeddable":true,"href":"https:\/\/larhogar.shop\/en\/wp-json\/wp\/v2\/product_cat?post=31744"},{"taxonomy":"product_tag","embeddable":true,"href":"https:\/\/larhogar.shop\/en\/wp-json\/wp\/v2\/product_tag?post=31744"}],"curies":[{"name":"wp","href":"https:\/\/api.w.org\/{rel}","templated":true}]}}