{"id":31743,"date":"2026-05-11T17:21:15","date_gmt":"2026-05-11T17:21:15","guid":{"rendered":"https:\/\/larhogar.shop\/product\/e-scooter-mit-luftreifen-s3-pro-elektroroller-20km-h-15-steigung-30km-reichweite-120kg-belastung-duales-bremssystem-display-app-e-roller-fur-erwachsene\/"},"modified":"2026-05-11T17:21:15","modified_gmt":"2026-05-11T17:21:15","slug":"e-scooter-mit-luftreifen-s3-pro-elektroroller-20km-h-15-steigung-30km-reichweite-120kg-belastung-duales-bremssystem-display-app-e-roller-fur-erwachsene","status":"publish","type":"product","link":"https:\/\/larhogar.shop\/en\/product\/e-scooter-mit-luftreifen-s3-pro-elektroroller-20km-h-15-steigung-30km-reichweite-120kg-belastung-duales-bremssystem-display-app-e-roller-fur-erwachsene\/","title":{"rendered":"S3 Pro E-Scooter Luftreifen 30 km Reichweite 20 km\/h 120 kg 15% Steigung Doppelbremse App Display"},"content":{"rendered":"<p><strong>Product Overview<\/strong><\/p>\n<ul>\n<li>\n<strong>Marke:<\/strong> ESTVELO<\/li>\n<li>\n<strong>Farbe:<\/strong> Schwarz<\/li>\n<li>\n<strong>Besonderes Merkmal:<\/strong> Abschlie\u00dfbar, Austauschbare Batterie, Digitalanzeige, Duales Bremssystem, Geschwindigkeitsmesser<\/li>\n<li>\n<strong>Gewichtsbegrenzung:<\/strong> 120 Kilogramm<\/li>\n<li>\n<strong>Modellname:<\/strong> Es-s3 Pro<\/li>\n<li>\n<strong>Radwerkstoff:<\/strong> Edelstahl<\/li>\n<li>\n<strong>Rahmenmaterial:<\/strong> Legierter Stahl<\/li>\n<li>\n<strong>Lenker-Typ:<\/strong> Fest<\/li>\n<li>\n<strong>Radgr\u00f6\u00dfe:<\/strong> 8,5 Zoll<\/li>\n<li>\n<strong>Radtyp:<\/strong> Pneumatische<\/li>\n<\/ul>\n<p><strong>Product Features<\/strong><\/p>\n<ul>\n<li>\u3010Reifen\u3011ESTVELO stattet seine gesamte Elektroroller-Serie mit Luftreifen aus. Das verhindert das wackelige Fahrgef\u00fchl von Vollgummireifen und sorgt f\u00fcr mehr Fahrkomfort. Diese doppellagigen, verdickten Luftreifen sind \u00e4u\u00dferst druckfest und erh\u00f6hen die Reichweite um bis zu 20 %! (Gute Stra\u00dfenlage spart zudem Motorenergie. Tipp: Luftreifen > Wabenreifen > Vollgummireifen.)<\/li>\n<li>\u3010Motor\u3011Das ESTVELO S3 PRO ist mit einem leistungsstarken 350-W-Motor ausgestattet, der leiser als 5 dB ist und eine Spitzenleistung von 500 W hat. Das S3 PRO bew\u00e4ltigt Steigungen von bis zu 15 % (getestet bei 70 kg).<\/li>\n<li>\u3010Akku\u3011Der ESTVELO S3 PRO verf\u00fcgt \u00fcber einen 36-V-Akku mit 10.400 mAh und hoher Kapazit\u00e4t, der eine Reichweite von 25\u201330 km bietet (Gewicht: 120\u201360 kg).<\/li>\n<li>\u3010Geschwindigkeit\u3011Der ESTVELO S3 PRO bietet drei Geschwindigkeitsstufen: 10 km\/h, 15 km\/h und 20 km\/h. Die Geschwindigkeitsregelung l\u00e4sst sich \u00fcber die Multifunktionstaste oder die mobile App aktivieren und sorgt f\u00fcr ein sanftes und komfortables Fahrerlebnis.<\/li>\n<li>\u3010Bremsen\u3011Der ESTVELO S3 PRO verf\u00fcgt \u00fcber ein stabiles Doppelbremssystem. Das elektronische Bremssystem (E-ABS) arbeitet mit den mechanischen Scheibenbremsen zusammen und erm\u00f6glicht so eine schnelle Notbremsung. Da der S3 PRO Elektroroller mit Luftreifen ausgestattet ist, ist das Bremserlebnis noch ergonomischer.<\/li>\n<li>\u3010Beleuchtung\u3011Der ESTVELO S3 PRO Elektroroller f\u00fcr Erwachsene ist mit einem 5-W-LED-Scheinwerfer mit einer Leuchtweite von bis zu 15 Metern bei Nacht ausgestattet. Das Bremslicht blinkt, wenn das Bremssystem reagiert, und warnt so andere.<\/li>\n<li>\u3010Faltbar\u301112.5 kg. Ma\u00dfe zusammengeklappt: 108 x 44 x 52 cm, wodurch er leicht zu transportieren und zu verstauen ist. Maximale Tragkraft: 120 kg.<\/li>\n<\/ul>\n<p><strong>Product Information<\/strong><\/p>\n<ul>\n<table style=\"margin-bottom:20px\">\n<tbody>\n<tr>\n<td><strong>Besondere Merkmale<\/strong><\/td>\n<td>Abschlie\u00dfbar, Austauschbare Batterie, Digitalanzeige, Duales Bremssystem, Geschwindigkeitsmesser<\/td>\n<\/tr>\n<tr>\n<td><strong>Max. Nutzlast<\/strong><\/td>\n<td>120 Kilogramm<\/td>\n<\/tr>\n<tr>\n<td><strong>Lenkstangentyp<\/strong><\/td>\n<td>Fest<\/td>\n<\/tr>\n<tr>\n<td><strong>Radtyp<\/strong><\/td>\n<td>Pneumatische<\/td>\n<\/tr>\n<tr>\n<td><strong>Federungstyp<\/strong><\/td>\n<td>Vollfederung<\/td>\n<\/tr>\n<tr>\n<td><strong>Grifftyp<\/strong><\/td>\n<td>Ergonomisch<\/td>\n<\/tr>\n<tr>\n<td><strong>Bremsenart<\/strong><\/td>\n<td>E-ABS, Hinterradbremse<\/td>\n<\/tr>\n<tr>\n<td><strong>Batterieladezeit<\/strong><\/td>\n<td>6 Stunden<\/td>\n<\/tr>\n<tr>\n<td><strong>Maximale Reichweite<\/strong><\/td>\n<td>30 Km<\/td>\n<\/tr>\n<tr>\n<td><strong>Reifengr\u00f6\u00dfe<\/strong><\/td>\n<td>8,5 Zoll<\/td>\n<\/tr>\n<tr>\n<td><strong>Radmaterial<\/strong><\/td>\n<td>Edelstahl<\/td>\n<\/tr>\n<tr>\n<td><strong>Rahmenmaterialtyp<\/strong><\/td>\n<td>Legierter Stahl<\/td>\n<\/tr>\n<tr>\n<td><strong>Marke<\/strong><\/td>\n<td>ESTVELO<\/td>\n<\/tr>\n<tr>\n<td><strong>Modellname<\/strong><\/td>\n<td>Es-s3 Pro<\/td>\n<\/tr>\n<tr>\n<td><strong>Empfohlene Verw.bereiche f\u00fcr Produkt<\/strong><\/td>\n<td>Stunts<\/td>\n<\/tr>\n<tr>\n<td><strong>Hersteller<\/strong><\/td>\n<td>Shenzhen East Chuang riding technology Co., LTD<\/td>\n<\/tr>\n<tr>\n<td><strong>Modellnummer<\/strong><\/td>\n<td>ES-S3 PRO<\/td>\n<\/tr>\n<tr>\n<td><strong>Herkunftsland<\/strong><\/td>\n<td>China<\/td>\n<\/tr>\n<tr>\n<td><strong>Eingeschlossene Komponenten<\/strong><\/td>\n<td>S3 PRO Elektroroller, Toolkit<\/td>\n<\/tr>\n<tr>\n<td><strong>Garantie f\u00fcr das Produkt<\/strong><\/td>\n<td>Bieten Sie je nach Teilen 180\u2013360 Tage Reparatur oder Austausch an<\/td>\n<\/tr>\n<tr>\n<td><strong>Amazon Bestseller-Rang<\/strong><\/td>\n<td><\/td>\n<\/tr>\n<tr>\n<td><strong>ASIN<\/strong><\/td>\n<td>B0FP53F6DQ<\/td>\n<\/tr>\n<tr>\n<td><strong>Durchschnittliche Kundenbewertung<\/strong><\/td>\n<td><\/td>\n<\/tr>\n<tr>\n<td><strong>Farbe<\/strong><\/td>\n<td>Schwarz<\/td>\n<\/tr>\n<\/tbody>\n<\/table>\n<\/ul>","protected":false},"excerpt":{"rendered":"<p>Product Overview Marke: ESTVELO Farbe: Schwarz Besonderes Merkmal: Abschlie\u00dfbar, Austauschbare Batterie, Digitalanzeige, Duales Bremssystem, Geschwindigkeitsmesser Gewichtsbegrenzung: 120 Kilogramm Modellname: Es-s3<\/p>","protected":false},"featured_media":31855,"comment_status":"open","ping_status":"closed","template":"","meta":[],"product_brand":[],"product_cat":[153],"product_tag":[],"class_list":{"0":"post-31743","1":"product","2":"type-product","3":"status-publish","4":"has-post-thumbnail","6":"product_cat-e-scooter","8":"first","9":"instock","10":"shipping-taxable","11":"purchasable","12":"product-type-simple"},"jetpack_sharing_enabled":true,"_links":{"self":[{"href":"https:\/\/larhogar.shop\/en\/wp-json\/wp\/v2\/product\/31743","targetHints":{"allow":["GET"]}}],"collection":[{"href":"https:\/\/larhogar.shop\/en\/wp-json\/wp\/v2\/product"}],"about":[{"href":"https:\/\/larhogar.shop\/en\/wp-json\/wp\/v2\/types\/product"}],"replies":[{"embeddable":true,"href":"https:\/\/larhogar.shop\/en\/wp-json\/wp\/v2\/comments?post=31743"}],"version-history":[{"count":0,"href":"https:\/\/larhogar.shop\/en\/wp-json\/wp\/v2\/product\/31743\/revisions"}],"wp:featuredmedia":[{"embeddable":true,"href":"https:\/\/larhogar.shop\/en\/wp-json\/wp\/v2\/media\/31855"}],"wp:attachment":[{"href":"https:\/\/larhogar.shop\/en\/wp-json\/wp\/v2\/media?parent=31743"}],"wp:term":[{"taxonomy":"product_brand","embeddable":true,"href":"https:\/\/larhogar.shop\/en\/wp-json\/wp\/v2\/product_brand?post=31743"},{"taxonomy":"product_cat","embeddable":true,"href":"https:\/\/larhogar.shop\/en\/wp-json\/wp\/v2\/product_cat?post=31743"},{"taxonomy":"product_tag","embeddable":true,"href":"https:\/\/larhogar.shop\/en\/wp-json\/wp\/v2\/product_tag?post=31743"}],"curies":[{"name":"wp","href":"https:\/\/api.w.org\/{rel}","templated":true}]}}