{"id":31737,"date":"2026-05-11T17:21:14","date_gmt":"2026-05-11T17:21:14","guid":{"rendered":"https:\/\/larhogar.shop\/product\/qnq-e-scooter-2026-8-zoll-faltbarer-roller-500-w-20-km-h-motor-15-km-reichweite-pannensichere-wabenreifen-kinder-und-jugendliche\/"},"modified":"2026-05-11T17:21:14","modified_gmt":"2026-05-11T17:21:14","slug":"qnq-e-scooter-2026-8-zoll-faltbarer-roller-500-w-20-km-h-motor-15-km-reichweite-pannensichere-wabenreifen-kinder-und-jugendliche","status":"publish","type":"product","link":"https:\/\/larhogar.shop\/en\/product\/qnq-e-scooter-2026-8-zoll-faltbarer-roller-500-w-20-km-h-motor-15-km-reichweite-pannensichere-wabenreifen-kinder-und-jugendliche\/","title":{"rendered":"QnQ E-Scooter 2026 8 Zoll 500W 20 km\/h 15 km Reichweite Wabenreifen Faltbar Kinder Jugendliche"},"content":{"rendered":"<div id=\"productDescription\" class=\"a-section a-spacing-small\">       <!-- show up to 2 reviews by default --><\/p>\n<p>    <span>QnQ E Scooter, 2026 8 Zoll faltbarer Roller, 500 W\/20 km\/h Motor, 15 km Reichweite, pannensichere Wabenreifen, ist ein ideales Geschenk f\u00fcr Kinder und Jugendliche.<\/span>    <\/p>\n<\/p><\/div>\n<p><strong>Product Overview<\/strong><\/p>\n<ul>\n<li>\n<strong>Marke:<\/strong> QnQ<\/li>\n<li>\n<strong>Farbe:<\/strong> Schwarz<\/li>\n<li>\n<strong>Besonderes Merkmal:<\/strong> Zusammenklappbar<\/li>\n<li>\n<strong>Gewichtsbegrenzung:<\/strong> 100 Kilogramm<\/li>\n<li>\n<strong>Produktabmessungen:<\/strong> 100L x 14B x 104H cm<\/li>\n<li>\n<strong>Anzahl der R\u00e4der:<\/strong> 2<\/li>\n<li>\n<strong>Modellname:<\/strong> Sel-h8<\/li>\n<li>\n<strong>Radwerkstoff:<\/strong> Synthesekautschuk<\/li>\n<li>\n<strong>Rahmenmaterial:<\/strong> Aluminium<\/li>\n<li>\n<strong>Artikelgewicht:<\/strong> 13 Kilogramm<\/li>\n<\/ul>\n<p><strong>Product Features<\/strong><\/p>\n<ul>\n<li>\u3010Hohe Leistung\u3011Ausgestattet mit einem 500-W-Motor erreicht er m\u00fchelos eine H\u00f6chstgeschwindigkeit von 20 km\/h. Die Steigf\u00e4higkeit von 15 % bew\u00e4ltigt auch schwieriges Gel\u00e4nde und h\u00e4lt die Leistung auch bei voller Beladung (100 kg) stabil. Der 36-V-4-Ah-Lithium-Akku ben\u00f6tigt 3\u20134 Stunden zum Aufladen und bietet eine Reichweite von 15 Kilometern \u2013 ideal f\u00fcr Jugendliche und Kinder.<\/li>\n<li>\u3010Hohe Sicherheit\u3011Der Elektroroller ist mit einem dualen Bremssystem, elektronischen Bremsen und Fu\u00dfbremsen ausgestattet, um eine zuverl\u00e4ssige Bremskraft w\u00e4hrend der Fahrt zu gew\u00e4hrleisten. Die 8-Zoll-Vollgummireifen mit Wabenstruktur sorgen nicht nur f\u00fcr Pannensicherheit, sondern reduzieren auch die Reifenwartungskosten. Vergessen Sie nicht, beim Fahren einen Helm und Schutzkleidung zu tragen. Ihre Sicherheit hat f\u00fcr uns oberste Priorit\u00e4t.<\/li>\n<li>\u30103-Gang-Einstellung\u3011 Drei optionale Geschwindigkeitsstufen (6\/15\/20 km\/h) bieten optimale Kontrolle f\u00fcr Anf\u00e4nger, Jugendliche und Fortgeschrittene \u2013 perfekt f\u00fcr den Stadtverkehr, die Freizeit oder den Schulweg.<\/li>\n<li>\u3010Faltbares und tragbares Design\u3011 Der Elektroroller l\u00e4sst sich leicht zusammenklappen und misst im zusammengeklappten Zustand nur 100 x 15 x 32 cm. Dank seines geringen Gewichts von nur 13 kg l\u00e4sst er sich problemlos im Kofferraum, unter einem Tisch oder im Schrank verstauen und \u00fcberallhin mitnehmen.<\/li>\n<li>\u3010Ideales Geschenk\u3011 Ob f\u00fcr verschiedene Feste oder den Alltag \u2013 dieser Elektroroller ist ein ideales Geschenk f\u00fcr jedes Alter. Er bringt Kindern Spa\u00df beim Wachsen und wird f\u00fcr junge Menschen zum Trend-Pendler und Entspannungspartner. Er ist f\u00fcr Menschen jeden Alters geeignet. Ob f\u00fcr Kinder, Verwandte und Freunde \u2013 der Beschenkte kann w\u00e4hrend der Fahrt exklusive \u00dcberraschungen entdecken.<\/li>\n<li>\u3010Qualit\u00e4tssicherung\u3011 Wenn Sie Fragen haben, k\u00f6nnen Sie sich gerne an uns wenden und wir werden Ihnen von ganzem Herzen dienen.<\/li>\n<\/ul>\n<p><strong>Product Information<\/strong><\/p>\n<ul>\n<table style=\"margin-bottom:20px\">\n<tbody>\n<tr>\n<td><strong>Besondere Merkmale<\/strong><\/td>\n<td>Zusammenklappbar<\/td>\n<\/tr>\n<tr>\n<td><strong>Max. Nutzlast<\/strong><\/td>\n<td>100 Kilogramm<\/td>\n<\/tr>\n<tr>\n<td><strong>Anzahl an R\u00e4dern<\/strong><\/td>\n<td>2<\/td>\n<\/tr>\n<tr>\n<td><strong>Lenkstangentyp<\/strong><\/td>\n<td>Fest<\/td>\n<\/tr>\n<tr>\n<td><strong>Radtyp<\/strong><\/td>\n<td>Feste<\/td>\n<\/tr>\n<tr>\n<td><strong>Federungstyp<\/strong><\/td>\n<td>Rigid<\/td>\n<\/tr>\n<tr>\n<td><strong>Grifftyp<\/strong><\/td>\n<td>Rubber<\/td>\n<\/tr>\n<tr>\n<td><strong>Bremsenart<\/strong><\/td>\n<td>Doppelbremse<\/td>\n<\/tr>\n<tr>\n<td><strong>Batterieladezeit<\/strong><\/td>\n<td>4 Stunden<\/td>\n<\/tr>\n<tr>\n<td><strong>Maximale Reichweite<\/strong><\/td>\n<td>15 Km<\/td>\n<\/tr>\n<tr>\n<td><strong>Artikel Abmessungen L x B x H<\/strong><\/td>\n<td>100L x 14B x 104H cm<\/td>\n<\/tr>\n<tr>\n<td><strong>Artikelgewicht<\/strong><\/td>\n<td>13 Kilogramm<\/td>\n<\/tr>\n<tr>\n<td><strong>Griffl\u00e4nge<\/strong><\/td>\n<td>104 Zentimeter<\/td>\n<\/tr>\n<tr>\n<td><strong>Reifengr\u00f6\u00dfe<\/strong><\/td>\n<td>8 Zoll<\/td>\n<\/tr>\n<tr>\n<td><strong>Farbe<\/strong><\/td>\n<td>Schwarz<\/td>\n<\/tr>\n<tr>\n<td><strong>Marke<\/strong><\/td>\n<td>QnQ<\/td>\n<\/tr>\n<tr>\n<td><strong>Modellname<\/strong><\/td>\n<td>Sel-h8<\/td>\n<\/tr>\n<tr>\n<td><strong>Hersteller<\/strong><\/td>\n<td>Shenzhen Hefazhan Technology Co., Ltd<\/td>\n<\/tr>\n<tr>\n<td><strong>Modellnummer<\/strong><\/td>\n<td>SEL-H8<\/td>\n<\/tr>\n<tr>\n<td><strong>Herkunftsland<\/strong><\/td>\n<td>China<\/td>\n<\/tr>\n<tr>\n<td><strong>Eingeschlossene Komponenten<\/strong><\/td>\n<td>Elektrische Trottinetten, Ladeger\u00e4t, Werkzeugbox, Bedienungsanleitung<\/td>\n<\/tr>\n<tr>\n<td><strong>Garantie f\u00fcr das Produkt<\/strong><\/td>\n<td>si vous rencontrez des probl\u00e8mes apr\u00e8s r\u00e9ception de la marchandise, veuillez nous contacter \u00e0 temps<\/td>\n<\/tr>\n<tr>\n<td><strong>Amazon Bestseller-Rang<\/strong><\/td>\n<td><\/td>\n<\/tr>\n<tr>\n<td><strong>ASIN<\/strong><\/td>\n<td>B0FHW1BLQX<\/td>\n<\/tr>\n<tr>\n<td><strong>Durchschnittliche Kundenbewertung<\/strong><\/td>\n<td><\/td>\n<\/tr>\n<tr>\n<td><strong>Radmaterial<\/strong><\/td>\n<td>Synthesekautschuk<\/td>\n<\/tr>\n<tr>\n<td><strong>Rahmenmaterialtyp<\/strong><\/td>\n<td>Aluminium<\/td>\n<\/tr>\n<tr>\n<td><strong>Art der Garantie<\/strong><\/td>\n<td>Beschr\u00e4nkt<\/td>\n<\/tr>\n<\/tbody>\n<\/table>\n<\/ul>","protected":false},"excerpt":{"rendered":"<p>QnQ E Scooter, 2026 8 Zoll faltbarer Roller, 500 W\/20 km\/h Motor, 15 km Reichweite, pannensichere Wabenreifen, ist ein ideales<\/p>","protected":false},"featured_media":31843,"comment_status":"open","ping_status":"closed","template":"","meta":[],"product_brand":[],"product_cat":[153],"product_tag":[],"class_list":{"0":"post-31737","1":"product","2":"type-product","3":"status-publish","4":"has-post-thumbnail","6":"product_cat-e-scooter","8":"first","9":"instock","10":"shipping-taxable","11":"purchasable","12":"product-type-variable"},"jetpack_sharing_enabled":true,"_links":{"self":[{"href":"https:\/\/larhogar.shop\/en\/wp-json\/wp\/v2\/product\/31737","targetHints":{"allow":["GET"]}}],"collection":[{"href":"https:\/\/larhogar.shop\/en\/wp-json\/wp\/v2\/product"}],"about":[{"href":"https:\/\/larhogar.shop\/en\/wp-json\/wp\/v2\/types\/product"}],"replies":[{"embeddable":true,"href":"https:\/\/larhogar.shop\/en\/wp-json\/wp\/v2\/comments?post=31737"}],"version-history":[{"count":0,"href":"https:\/\/larhogar.shop\/en\/wp-json\/wp\/v2\/product\/31737\/revisions"}],"wp:featuredmedia":[{"embeddable":true,"href":"https:\/\/larhogar.shop\/en\/wp-json\/wp\/v2\/media\/31843"}],"wp:attachment":[{"href":"https:\/\/larhogar.shop\/en\/wp-json\/wp\/v2\/media?parent=31737"}],"wp:term":[{"taxonomy":"product_brand","embeddable":true,"href":"https:\/\/larhogar.shop\/en\/wp-json\/wp\/v2\/product_brand?post=31737"},{"taxonomy":"product_cat","embeddable":true,"href":"https:\/\/larhogar.shop\/en\/wp-json\/wp\/v2\/product_cat?post=31737"},{"taxonomy":"product_tag","embeddable":true,"href":"https:\/\/larhogar.shop\/en\/wp-json\/wp\/v2\/product_tag?post=31737"}],"curies":[{"name":"wp","href":"https:\/\/api.w.org\/{rel}","templated":true}]}}