{"id":31733,"date":"2026-05-11T17:21:14","date_gmt":"2026-05-11T17:21:14","guid":{"rendered":"https:\/\/larhogar.shop\/product\/odys-e-scooter-mit-strassenzulassung-und-blinker-je-nach-modell-bis-zu-75-km-reichweite-bis-zu-25-steigung-max-20km-h-klappbar-e-roller-mit-strassenzulassung-elektroscooter-elektroroller\/"},"modified":"2026-05-11T17:21:14","modified_gmt":"2026-05-11T17:21:14","slug":"odys-e-scooter-mit-strassenzulassung-und-blinker-je-nach-modell-bis-zu-75-km-reichweite-bis-zu-25-steigung-max-20km-h-klappbar-e-roller-mit-strassenzulassung-elektroscooter-elektroroller","status":"publish","type":"product","link":"https:\/\/larhogar.shop\/en\/product\/odys-e-scooter-mit-strassenzulassung-und-blinker-je-nach-modell-bis-zu-75-km-reichweite-bis-zu-25-steigung-max-20km-h-klappbar-e-roller-mit-strassenzulassung-elektroscooter-elektroroller\/","title":{"rendered":"Odys E-Scooter Stra\u00dfenzulassung Blinker 75 km Reichweite 25% Steigung 20 km\/h Klappbar"},"content":{"rendered":"<div id=\"productDescription\" class=\"a-section a-spacing-small\">       <!-- show up to 2 reviews by default -->\n           <\/div>\n<p><strong>Product Overview<\/strong><\/p>\n<ul>\n<li>\n<strong>Marke:<\/strong> Odys<\/li>\n<li>\n<strong>Farbe:<\/strong> Schwarz<\/li>\n<li>\n<strong>Altersspektrum (Beschreibung):<\/strong> Erwachsene<\/li>\n<li>\n<strong>Besonderes Merkmal:<\/strong> Breite Plattform, Digitalanzeige, Duales Bremssystem, Regeneratives Bremssystem, Zusammenklappbar<\/li>\n<li>\n<strong>Gewichtsbegrenzung:<\/strong> 120 Kilogramm<\/li>\n<li>\n<strong>Produktabmessungen:<\/strong> 54,2L x 120,2B x 116,5H cm<\/li>\n<li>\n<strong>Anzahl der R\u00e4der:<\/strong> 2<\/li>\n<li>\n<strong>Modellname:<\/strong> Odys E-scooter 2025 Version<\/li>\n<li>\n<strong>Radwerkstoff:<\/strong> Polyurethan<\/li>\n<li>\n<strong>Rahmenmaterial:<\/strong> Aluminium<\/li>\n<\/ul>\n<p><strong>Product Features<\/strong><\/p>\n<ul>\n<li>&#x1f680; Beeindruckenden Reichweite f\u00fcr deinen Alltag: Mit bis zu 50 km Reichweite\u00b9 ist dein ODYS Alpha X5 Pro der perfekte Begleiter f\u00fcr Pendler und City-Explorer. Egal, ob zur Arbeit oder auf spontane Entdeckungstour \u2013 l\u00e4stige zeitfressende Ladepausen geh\u00f6ren der Vergangenheit an! Vollst\u00e4ndig aufgeladen in nur ca. 6 Stunden.<\/li>\n<li>&#x1f4aa; Kraftvoll Steigungen meistern: Der 450Watt-Motor macht deinen ODYS Alpha X5 Pro zum Champion der Steigungen \u2013 bis zu 20 %\u00b2 sind kein Problem! Perfekt f\u00fcr h\u00fcgelige St\u00e4dte und anspruchsvolle Strecken &#8211; leistungsstarger Antrieb auch f\u00fcr Fahrer bis zu 120kg egal auf welchem Terrain.<\/li>\n<li>&#x1f6e1;&#xfe0f; Sicherheit, die du brauchst: Mit der Stra\u00dfenzulassung (ABE,eKFV), der IPX5 Wasserresistenz\u00b3, der zuverl\u00e4ssigen Vorderrad-Scheibenbremsee &#038; elektrischen Hinterradscheibenbremse mit kurzen Bremswegen, der ultra-hellen Front- &#038; R\u00fcckleuchte sowie Reflektoren f\u00fcr optimale Sicht auch bei Dunkelheit und dank der Blinker zur Richtungsanzeige bist du bestens gesch\u00fctzt. Sicherheit ist das must-have f\u00fcr jede sorgenfreie Fahrt!<\/li>\n<li>&#x1f31f; Verbesserter Fahrkomfort, weniger Ersch\u00fctterungen: Die 10,5-Zoll Luftreifen sorgen f\u00fcr ein sanftes Fahrgef\u00fchl \u2013 egal ob auf holprigen Stra\u00dfen, Kopfsteinpflaster oder anderen unebenen Wegen. Genie\u00dfe jede Fahrt in vollen Z\u00fcgen, egal auf welchem Terrain du auch unterwegs bist.<\/li>\n<li>&#x1f331; Gemeinsam Nachhaltig: Unserer Zukunft und Umwelt zuliebe pflanzen wir mit jedem Kauf eines ODYS E-Scooters in Zusammenarbeit mit unserem Partner &#8222;Grow My Tree&#8220; einen Baum, f\u00fcr eine nachhaltigere Umwelt und eine bessere Zukunft f\u00fcr uns alle.<\/li>\n<li>&#x1f4f1; Smartes Fahrerlebnis, mach dein Smartphone zum erweiterten Cockpit: Behalte mit dem LED-Display Geschwindigkeit, Akkustand und Fahrmodi immer im Blick. Verbinde deinen ODYS Alpha X5 Pro mit der App (f\u00fcr iOS &#038; Android verf\u00fcgbar) f\u00fcr noch mehr Kontrolle &#038; smarte Features wie z.B. die Sperrfunktion!<\/li>\n<li>&#x1f4cf; Abmessungen &#038; Gewicht: 116,5 x 54,2 x 120,2 cm, 24 kg<\/li>\n<li>\u00b9 Getestet mit vollem Akku unter folgenden Bedingungen: 75 kg Fahrergewicht, \u00d8 15 km\/h, ebene &#038; glatte Strecke bei 25\u00b0C (windstill), empfohlener Reifendruck von 3,4 bar. Variiert je nach Fahrweise, Reifenluftdruck, Stra\u00dfengegebenheiten, Wetterverh\u00e4ltnisse, Fahrergr\u00f6\u00dfe &#038; -gewicht. Bei gleichbleibenden Bedingungen aber stattdessen mit \u00d8 20km\/h sind es z.B. 41 km Reichweite. \u00b2 Getestet unter gleichen Bedingungen wie beim Reichweitentest. Variiert abh\u00e4ngig von den Bedingungen wie bei der Reichweite. \u00b3 Wasserdicht bei gelegentlichem leichten Sommerregen. Nicht geeignet f\u00fcr die Verwendung bei Dauerregen, Durchfahren von Pf\u00fctzen und Reinigung mit einem Gartenschlauch oder Hochdruckreiniger.<\/li>\n<\/ul>\n<p><strong>Product Information<\/strong><\/p>\n<ul>\n<table style=\"margin-bottom:20px\">\n<tbody>\n<tr>\n<td><strong>Besondere Merkmale<\/strong><\/td>\n<td>Breite Plattform, Digitalanzeige, Duales Bremssystem, Regeneratives Bremssystem, Zusammenklappbar<\/td>\n<\/tr>\n<tr>\n<td><strong>Max. Nutzlast<\/strong><\/td>\n<td>120 Kilogramm<\/td>\n<\/tr>\n<tr>\n<td><strong>Anzahl an R\u00e4dern<\/strong><\/td>\n<td>2<\/td>\n<\/tr>\n<tr>\n<td><strong>Lenkstangentyp<\/strong><\/td>\n<td>Einstellbar<\/td>\n<\/tr>\n<tr>\n<td><strong>Radtyp<\/strong><\/td>\n<td>Pneumatische<\/td>\n<\/tr>\n<tr>\n<td><strong>Federungstyp<\/strong><\/td>\n<td>Vorderradfederung<\/td>\n<\/tr>\n<tr>\n<td><strong>Grifftyp<\/strong><\/td>\n<td>Ergonomisch<\/td>\n<\/tr>\n<tr>\n<td><strong>Bremsenart<\/strong><\/td>\n<td>Hinterradbremse, Vorderradbremse<\/td>\n<\/tr>\n<tr>\n<td><strong>Batterieladezeit<\/strong><\/td>\n<td>6 Stunden<\/td>\n<\/tr>\n<tr>\n<td><strong>Maximale Reichweite<\/strong><\/td>\n<td>50 Km<\/td>\n<\/tr>\n<tr>\n<td><strong>Artikel Abmessungen L x B x H<\/strong><\/td>\n<td>54,2L x 120,2B x 116,5H cm<\/td>\n<\/tr>\n<tr>\n<td><strong>Artikelgewicht<\/strong><\/td>\n<td>24 Kilogramm<\/td>\n<\/tr>\n<tr>\n<td><strong>Griffl\u00e4nge<\/strong><\/td>\n<td>990 Millimeter<\/td>\n<\/tr>\n<tr>\n<td><strong>Reifengr\u00f6\u00dfe<\/strong><\/td>\n<td>10,5 Zoll<\/td>\n<\/tr>\n<tr>\n<td><strong>Radmaterial<\/strong><\/td>\n<td>Polyurethan<\/td>\n<\/tr>\n<tr>\n<td><strong>Rahmenmaterialtyp<\/strong><\/td>\n<td>Aluminium<\/td>\n<\/tr>\n<tr>\n<td><strong>Marke<\/strong><\/td>\n<td>Odys<\/td>\n<\/tr>\n<tr>\n<td><strong>Altersgruppe Beschreibung<\/strong><\/td>\n<td>Erwachsene<\/td>\n<\/tr>\n<tr>\n<td><strong>Modellname<\/strong><\/td>\n<td>Odys E-scooter 2025 Version<\/td>\n<\/tr>\n<tr>\n<td><strong>Empfohlene Verw.bereiche f\u00fcr Produkt<\/strong><\/td>\n<td>Pendeln<\/td>\n<\/tr>\n<tr>\n<td><strong>Hersteller<\/strong><\/td>\n<td>AXDA5<\/td>\n<\/tr>\n<tr>\n<td><strong>Modellnummer<\/strong><\/td>\n<td>X900010-99<\/td>\n<\/tr>\n<tr>\n<td><strong>Artikelnummer<\/strong><\/td>\n<td>X900010-99<\/td>\n<\/tr>\n<tr>\n<td><strong>Artikeltyp Name<\/strong><\/td>\n<td>E-Scooter<\/td>\n<\/tr>\n<tr>\n<td><strong>Herkunftsland<\/strong><\/td>\n<td>China<\/td>\n<\/tr>\n<tr>\n<td><strong>Eingeschlossene Komponenten<\/strong><\/td>\n<td>Bedienungsanleitung, Kurzanleitung, Montagematerial, Garantiekarte, ODYS Alpha X5 Pro E-Scooter, Ladeger\u00e4t, Datenbest\u00e4tigung<\/td>\n<\/tr>\n<tr>\n<td><strong>Garantie f\u00fcr das Produkt<\/strong><\/td>\n<td>24 Monate gesetzliche Gew\u00e4hrleitung<\/td>\n<\/tr>\n<tr>\n<td><strong>Amazon Bestseller-Rang<\/strong><\/td>\n<td><\/td>\n<\/tr>\n<tr>\n<td><strong>ASIN<\/strong><\/td>\n<td>B0F7HX7345<\/td>\n<\/tr>\n<tr>\n<td><strong>Durchschnittliche Kundenbewertung<\/strong><\/td>\n<td><\/td>\n<\/tr>\n<tr>\n<td><strong>Art der Garantie<\/strong><\/td>\n<td>Beschr\u00e4nkt<\/td>\n<\/tr>\n<tr>\n<td><strong>Farbe<\/strong><\/td>\n<td>Schwarz<\/td>\n<\/tr>\n<\/tbody>\n<\/table>\n<\/ul>","protected":false},"excerpt":{"rendered":"<p>Product Overview Marke: Odys Farbe: Schwarz Altersspektrum (Beschreibung): Erwachsene Besonderes Merkmal: Breite Plattform, Digitalanzeige, Duales Bremssystem, Regeneratives Bremssystem, Zusammenklappbar Gewichtsbegrenzung:<\/p>","protected":false},"featured_media":31824,"comment_status":"open","ping_status":"closed","template":"","meta":[],"product_brand":[],"product_cat":[153],"product_tag":[],"class_list":{"0":"post-31733","1":"product","2":"type-product","3":"status-publish","4":"has-post-thumbnail","6":"product_cat-e-scooter","8":"first","9":"instock","10":"shipping-taxable","11":"purchasable","12":"product-type-variable"},"jetpack_sharing_enabled":true,"_links":{"self":[{"href":"https:\/\/larhogar.shop\/en\/wp-json\/wp\/v2\/product\/31733","targetHints":{"allow":["GET"]}}],"collection":[{"href":"https:\/\/larhogar.shop\/en\/wp-json\/wp\/v2\/product"}],"about":[{"href":"https:\/\/larhogar.shop\/en\/wp-json\/wp\/v2\/types\/product"}],"replies":[{"embeddable":true,"href":"https:\/\/larhogar.shop\/en\/wp-json\/wp\/v2\/comments?post=31733"}],"version-history":[{"count":0,"href":"https:\/\/larhogar.shop\/en\/wp-json\/wp\/v2\/product\/31733\/revisions"}],"wp:featuredmedia":[{"embeddable":true,"href":"https:\/\/larhogar.shop\/en\/wp-json\/wp\/v2\/media\/31824"}],"wp:attachment":[{"href":"https:\/\/larhogar.shop\/en\/wp-json\/wp\/v2\/media?parent=31733"}],"wp:term":[{"taxonomy":"product_brand","embeddable":true,"href":"https:\/\/larhogar.shop\/en\/wp-json\/wp\/v2\/product_brand?post=31733"},{"taxonomy":"product_cat","embeddable":true,"href":"https:\/\/larhogar.shop\/en\/wp-json\/wp\/v2\/product_cat?post=31733"},{"taxonomy":"product_tag","embeddable":true,"href":"https:\/\/larhogar.shop\/en\/wp-json\/wp\/v2\/product_tag?post=31733"}],"curies":[{"name":"wp","href":"https:\/\/api.w.org\/{rel}","templated":true}]}}