{"id":31727,"date":"2026-05-11T17:21:13","date_gmt":"2026-05-11T17:21:13","guid":{"rendered":"https:\/\/larhogar.shop\/product\/navee-gt3-serie-e-scooter-350w-400w-50-km-75-km-reichweite-vierfach-federung-klappbar-54-cm-mit-ipx5-steigungen-18-22\/"},"modified":"2026-05-11T17:21:14","modified_gmt":"2026-05-11T17:21:14","slug":"navee-gt3-serie-e-scooter-350w-400w-50-km-75-km-reichweite-vierfach-federung-klappbar-54-cm-mit-ipx5-steigungen-18-22","status":"publish","type":"product","link":"https:\/\/larhogar.shop\/en\/product\/navee-gt3-serie-e-scooter-350w-400w-50-km-75-km-reichweite-vierfach-federung-klappbar-54-cm-mit-ipx5-steigungen-18-22\/","title":{"rendered":"Navee GT3 E-Scooter 400W 75 km Reichweite Vierfach-Federung Klappbar IPX5 22% Steigung"},"content":{"rendered":"<div id=\"productDescription\" class=\"a-section a-spacing-small\">       <!-- show up to 2 reviews by default -->\n           <\/div>\n<p><strong>Product Overview<\/strong><\/p>\n<ul>\n<li>\n<strong>Marke:<\/strong> NAVEE<\/li>\n<li>\n<strong>Farbe:<\/strong> GT3-50km<\/li>\n<li>\n<strong>Besonderes Merkmal:<\/strong> <\/li>\n<li>\n<strong>Gewichtsbegrenzung:<\/strong> 110 Kilogramm<\/li>\n<li>\n<strong>Produktabmessungen:<\/strong> 126L x 59B x 118H cm<\/li>\n<li>\n<strong>Anzahl der R\u00e4der:<\/strong> 2<\/li>\n<li>\n<strong>Modellname:<\/strong> Gt3 D<\/li>\n<li>\n<strong>Radwerkstoff:<\/strong> Gummi<\/li>\n<li>\n<strong>Rahmenmaterial:<\/strong> Aluminium<\/li>\n<li>\n<strong>Artikelgewicht:<\/strong> 24,6 Kilogramm<\/li>\n<\/ul>\n<p><strong>Product Features<\/strong><\/p>\n<ul>\n<li>Professionelles Doppelbrems-System mit TCS: Das innovative Kombibremssystem mit Trommelbremse vorn und EABS-Technologie hinten garantiert sanfte Bremsung selbst auf nassen Stra\u00dfen oder Laubstrecken, erg\u00e4nzt durch integrierte TCS-Traktionskontrolle gegen Rutschen bei Regen\/Schnee.<\/li>\n<li>350W-Hinterradmotor mit 18 % Steigkraft: Der leistungsstarke Motor bew\u00e4ltigt Steigungen bis 18 % auch bei 110 kg Zuladung, unterst\u00fctzt durch drei intelligente Fahrmodi (6\/15\/20 km\/h) f\u00fcr Fu\u00dfg\u00e4ngerzonen und Parkanlagen<\/li>\n<li>50 km Reichweite &#038; smarte Energier\u00fcckgewinnung: Der 358 Wh \u2013 Akku erm\u00f6glicht bis zu 50 km Reichweite im Sparmodus \u2013 ausreichend f\u00fcr 3\u20134 Tage Arbeitsweg. Das App-gesteuerte System speichert 15 % der Bremsenergie zur\u00fcck, kombiniert mit BMS-Batteriemanagement f\u00fcr Langlebigkeit und Sicherheit<\/li>\n<li>Vierfach-Federung mit 40 % Sto\u00dfreduktion: Das Doppelfederungs-System (die Vordergabel und die gefederte Hinterradfederung) reduziert laut NAVEE Labortests* 40 % mehr Vibrationen als Standardmodelle, speziell f\u00fcr Altstadtpflaster und Baustellenstrecken<\/li>\n<li>Klappbares Premium-Design mit IPX5: Sekundenschnell auf 54 cm klappbar f\u00fcr platzsparende Lagerung in der U-Bahn oder im Auto, ausgestattet mit Apple Find My \u2013 Ortung, automatischen LED-Scheinwerfern und stra\u00dfenzugelassener Beleuchtung<\/li>\n<\/ul>\n<p><strong>Product Information<\/strong><\/p>\n<ul>\n<table style=\"margin-bottom:20px\">\n<tbody>\n<tr>\n<td><strong>Besondere Merkmale<\/strong><\/td>\n<td>Effizientes Energier\u00fcckgewinnungssystem, Erweitertes TCS f\u00fcr sicheres Fahren, Steigungen ohne Geschwindigkeitsverlust meistern, Vierfacher Sto\u00dfd\u00e4mpfung, Zuverl\u00e4ssiges Doppelbremssystem f\u00fcr mehr Sicherheit<\/td>\n<\/tr>\n<tr>\n<td><strong>Max. Nutzlast<\/strong><\/td>\n<td>110 Kilogramm<\/td>\n<\/tr>\n<tr>\n<td><strong>Anzahl an R\u00e4dern<\/strong><\/td>\n<td>2<\/td>\n<\/tr>\n<tr>\n<td><strong>Lenkstangentyp<\/strong><\/td>\n<td>Fest<\/td>\n<\/tr>\n<tr>\n<td><strong>Radtyp<\/strong><\/td>\n<td>Pneumatische<\/td>\n<\/tr>\n<tr>\n<td><strong>Federungstyp<\/strong><\/td>\n<td>Vollfederung<\/td>\n<\/tr>\n<tr>\n<td><strong>Grifftyp<\/strong><\/td>\n<td>Ergonomisch<\/td>\n<\/tr>\n<tr>\n<td><strong>Bremsenart<\/strong><\/td>\n<td>Elektronische Bremse (hinten), Trommelbremse (vorn)<\/td>\n<\/tr>\n<tr>\n<td><strong>Batterieladezeit<\/strong><\/td>\n<td>6 Stunden<\/td>\n<\/tr>\n<tr>\n<td><strong>Maximale Reichweite<\/strong><\/td>\n<td>50 Km<\/td>\n<\/tr>\n<tr>\n<td><strong>Artikel Abmessungen L x B x H<\/strong><\/td>\n<td>126L x 59B x 118H cm<\/td>\n<\/tr>\n<tr>\n<td><strong>Artikelgewicht<\/strong><\/td>\n<td>24,6 Kilogramm<\/td>\n<\/tr>\n<tr>\n<td><strong>Griffl\u00e4nge<\/strong><\/td>\n<td>103 Zentimeter<\/td>\n<\/tr>\n<tr>\n<td><strong>Reifengr\u00f6\u00dfe<\/strong><\/td>\n<td>10 Zoll<\/td>\n<\/tr>\n<tr>\n<td><strong>Art der Garantie<\/strong><\/td>\n<td>Beschr\u00e4nkt<\/td>\n<\/tr>\n<tr>\n<td><strong>Marke<\/strong><\/td>\n<td>NAVEE<\/td>\n<\/tr>\n<tr>\n<td><strong>Modellname<\/strong><\/td>\n<td>Gt3 D<\/td>\n<\/tr>\n<tr>\n<td><strong>Empfohlene Verw.bereiche f\u00fcr Produkt<\/strong><\/td>\n<td>Alltagspendeln, Kurzstrecken, Stadt-Explorationen<\/td>\n<\/tr>\n<tr>\n<td><strong>Empfohlenes H\u00f6chstalter<\/strong><\/td>\n<td>50<\/td>\n<\/tr>\n<tr>\n<td><strong>Hersteller<\/strong><\/td>\n<td>NAVEE<\/td>\n<\/tr>\n<tr>\n<td><strong>Artikeltyp Name<\/strong><\/td>\n<td>E-Scooter<\/td>\n<\/tr>\n<tr>\n<td><strong>Herkunftsland<\/strong><\/td>\n<td>China<\/td>\n<\/tr>\n<tr>\n<td><strong>Eingeschlossene Komponenten<\/strong><\/td>\n<td>Kurzanleitung<\/td>\n<\/tr>\n<tr>\n<td><strong>Garantie f\u00fcr das Produkt<\/strong><\/td>\n<td>2-j\u00e4hrigen Garantie auf den Hauptk\u00f6rper und einer 1-j\u00e4hrigen Garantie auf die Hauptkomponenten<\/td>\n<\/tr>\n<tr>\n<td><strong>Amazon Bestseller-Rang<\/strong><\/td>\n<td><\/td>\n<\/tr>\n<tr>\n<td><strong>ASIN<\/strong><\/td>\n<td>B0DTPYSHBR<\/td>\n<\/tr>\n<tr>\n<td><strong>Durchschnittliche Kundenbewertung<\/strong><\/td>\n<td><\/td>\n<\/tr>\n<tr>\n<td><strong>Radmaterial<\/strong><\/td>\n<td>Gummi<\/td>\n<\/tr>\n<tr>\n<td><strong>Rahmenmaterialtyp<\/strong><\/td>\n<td>Aluminium<\/td>\n<\/tr>\n<tr>\n<td><strong>Farbe<\/strong><\/td>\n<td>GT3-50km<\/td>\n<\/tr>\n<\/tbody>\n<\/table>\n<\/ul>","protected":false},"excerpt":{"rendered":"<p>Product Overview Marke: NAVEE Farbe: GT3-50km Besonderes Merkmal: Gewichtsbegrenzung: 110 Kilogramm Produktabmessungen: 126L x 59B x 118H cm Anzahl der<\/p>","protected":false},"featured_media":31812,"comment_status":"open","ping_status":"closed","template":"","meta":[],"product_brand":[],"product_cat":[153],"product_tag":[],"class_list":{"0":"post-31727","1":"product","2":"type-product","3":"status-publish","4":"has-post-thumbnail","6":"product_cat-e-scooter","8":"first","9":"instock","10":"shipping-taxable","11":"purchasable","12":"product-type-variable"},"jetpack_sharing_enabled":true,"_links":{"self":[{"href":"https:\/\/larhogar.shop\/en\/wp-json\/wp\/v2\/product\/31727","targetHints":{"allow":["GET"]}}],"collection":[{"href":"https:\/\/larhogar.shop\/en\/wp-json\/wp\/v2\/product"}],"about":[{"href":"https:\/\/larhogar.shop\/en\/wp-json\/wp\/v2\/types\/product"}],"replies":[{"embeddable":true,"href":"https:\/\/larhogar.shop\/en\/wp-json\/wp\/v2\/comments?post=31727"}],"version-history":[{"count":0,"href":"https:\/\/larhogar.shop\/en\/wp-json\/wp\/v2\/product\/31727\/revisions"}],"wp:featuredmedia":[{"embeddable":true,"href":"https:\/\/larhogar.shop\/en\/wp-json\/wp\/v2\/media\/31812"}],"wp:attachment":[{"href":"https:\/\/larhogar.shop\/en\/wp-json\/wp\/v2\/media?parent=31727"}],"wp:term":[{"taxonomy":"product_brand","embeddable":true,"href":"https:\/\/larhogar.shop\/en\/wp-json\/wp\/v2\/product_brand?post=31727"},{"taxonomy":"product_cat","embeddable":true,"href":"https:\/\/larhogar.shop\/en\/wp-json\/wp\/v2\/product_cat?post=31727"},{"taxonomy":"product_tag","embeddable":true,"href":"https:\/\/larhogar.shop\/en\/wp-json\/wp\/v2\/product_tag?post=31727"}],"curies":[{"name":"wp","href":"https:\/\/api.w.org\/{rel}","templated":true}]}}