{"id":31725,"date":"2026-05-11T17:21:13","date_gmt":"2026-05-11T17:21:13","guid":{"rendered":"https:\/\/larhogar.shop\/product\/e-scooter-mit-strassenzulassung-invanti-e30-elektroroller-32km-reichweite-e-roller-fur-erwachsene-mit-hinteren-stossdampfern-e-roller-120kg-tragkraft-faltbarer-elektroscooter-mit-app-und-blinker\/"},"modified":"2026-05-11T17:21:14","modified_gmt":"2026-05-11T17:21:14","slug":"e-scooter-mit-strassenzulassung-invanti-e30-elektroroller-32km-reichweite-e-roller-fur-erwachsene-mit-hinteren-stossdampfern-e-roller-120kg-tragkraft-faltbarer-elektroscooter-mit-app-und-blinker","status":"publish","type":"product","link":"https:\/\/larhogar.shop\/en\/product\/e-scooter-mit-strassenzulassung-invanti-e30-elektroroller-32km-reichweite-e-roller-fur-erwachsene-mit-hinteren-stossdampfern-e-roller-120kg-tragkraft-faltbarer-elektroscooter-mit-app-und-blinker\/","title":{"rendered":"Invanti E30 E-Scooter Stra\u00dfenzulassung 32 km Reichweite Sto\u00dfd\u00e4mpfer 120 kg App Blinker Faltbar"},"content":{"rendered":"<div id=\"productDescription\" class=\"a-section a-spacing-small\">       <!-- show up to 2 reviews by default -->\n           <\/div>\n<p><strong>Product Overview<\/strong><\/p>\n<ul>\n<li>\n<strong>Marke:<\/strong> INVANTI<\/li>\n<li>\n<strong>Farbe:<\/strong> Grau<\/li>\n<li>\n<strong>Besonderes Merkmal:<\/strong> <\/li>\n<li>\n<strong>Gewichtsbegrenzung:<\/strong> 120 Kilogramm<\/li>\n<li>\n<strong>Anzahl der R\u00e4der:<\/strong> 2<\/li>\n<li>\n<strong>Modellname:<\/strong> Es09<\/li>\n<li>\n<strong>Radwerkstoff:<\/strong> Urethan<\/li>\n<li>\n<strong>Rahmenmaterial:<\/strong> Aluminium<\/li>\n<li>\n<strong>Artikelgewicht:<\/strong> 13,3 Kilogramm<\/li>\n<li>\n<strong>Lenker-Typ:<\/strong> Fest<\/li>\n<\/ul>\n<p><strong>Product Features<\/strong><\/p>\n<ul>\n<li>Stra\u00dfenkonformit\u00e4t und Sicherheit: INVANTI E30 E-Scooter mit ABE-zertifiziert, was den strengen deutschen Verkehrsvorschriften entspricht und sicherstellt, dass er legal auf st\u00e4dtischen Stra\u00dfen verwendet werden kann. Der E-Scooter mit Stra\u00dfenzulassung ist mit einer verbesserten Hardware-Konfiguration, einem doppelten Bremssystem mit schneller Reaktion und mit hellen blinker ausgestattet, um die Sichtbarkeit bei Nachtfahrten zu verbessern und Ihre sichere Fahrt zu gew\u00e4hrleisten<\/li>\n<li>E Scooter mit Gro\u00dfer Reichweite: Der aufger\u00fcstete E30 Elektroroller verf\u00fcgt \u00fcber einen robusten 350W Motor und einen 36V 7500mAh Akku. Mit 3 einstellbaren Geschwindigkeitsstufen von 12-16-20 km\/h ist er f\u00fcr verschiedene Fahrvorlieben geeignet. Mit einer schnellen Ladezeit von 5-6 Stunden bietet er eine Reichweite von 25-32 km mit einer einzigen Ladung (im ECO-Modus sind es maximal 32 km, je nach Umgebung, Winkel, Geschwindigkeit, Fahrgewohnheiten und anderen Faktoren)<\/li>\n<li>Verbesserte Blinker und Beleuchtung: Im Gegensatz zu Standard-Elektro-Scooter f\u00fcr Erwachsene, die E30 E-Scooter kommt mit einem erweiterten Beleuchtungssystem f\u00fcr zus\u00e4tzliche Sicherheit. Es umfasst Dual-Grip-Blinker, sowie Vorder- und R\u00fccklichter. Dies verbessert nicht nur die Sichtbarkeit, sondern auch das Erscheinungsbild des Elektrorollers, so dass er bei schlechten Lichtverh\u00e4ltnissen besser wahrgenommen wird<\/li>\n<li>Elektroroller mit Doppelter Federung: Ausgestattet mit pannensicheren 8,5 Zoll Vollgummireifen bietet der leichte Elektroroller INVANTI E30 eine hervorragende Sto\u00dfd\u00e4mpfung und sorgt f\u00fcr eine ruhige Fahrt, ohne dass die Luft entweicht. Das breitere Anti-Rutsch-Deck sorgt in Verbindung mit dem Motor aus Aluminiumlegierung f\u00fcr eine bessere W\u00e4rmeableitung w\u00e4hrend des Gebrauchs und tr\u00e4gt so zur Verl\u00e4ngerung der Lebensdauer des Motors bei<\/li>\n<li>Intelligenter E-Roller: Das LED-Display zeigt deutlich die Batterielebensdauer, die Geschwindigkeit und die Gangwahl an. Der preisg\u00fcnstige Elektroroller ist mit Multifunktionstasten ausgestattet: kurzes Dr\u00fccken zum Einschalten, langes Dr\u00fccken zum Ausschalten; einmal dr\u00fccken, um die Scheinwerfer zu aktivieren; zweimal dr\u00fccken, um die G\u00e4nge zu wechseln; und f\u00fcnfmal dr\u00fccken, um zwischen den Geschwindigkeitsstufen umzuschalten. APP-Steuerung bietet mehr Komfort und intelligentes Fahrerlebnis<\/li>\n<li>Elektro-Roller f\u00fcr Pendler: Der E30 wiegt nur 13,3 kg und ist ein faltbarer e scooter (gefaltetes Ma\u00df: 108,6*51*48 cm). Er l\u00e4sst sich in nur drei einfachen Schritten zusammenfalten und ist damit ideal f\u00fcr den Transport oder die Aufbewahrung auf Reisen. Der tragbare Elektroroller passt bequem in den Kofferraum der meisten Autos und nimmt nicht viel Platz ein. Maximales Gewicht des Fahrers 120kg<\/li>\n<\/ul>\n<p><strong>Product Information<\/strong><\/p>\n<ul>\n<table style=\"margin-bottom:20px\">\n<tbody>\n<tr>\n<td><strong>Besondere Merkmale<\/strong><\/td>\n<td>3 Geschwindigkeiten (12-16-20 km\/h), 8,5&#8243;-Vollwabenreifen, Doppelsto\u00dfd\u00e4mpfer hinten, Linke und rechte Blinker<\/td>\n<\/tr>\n<tr>\n<td><strong>Max. Nutzlast<\/strong><\/td>\n<td>120 Kilogramm<\/td>\n<\/tr>\n<tr>\n<td><strong>Anzahl an R\u00e4dern<\/strong><\/td>\n<td>2<\/td>\n<\/tr>\n<tr>\n<td><strong>Lenkstangentyp<\/strong><\/td>\n<td>Fest<\/td>\n<\/tr>\n<tr>\n<td><strong>Radtyp<\/strong><\/td>\n<td>Vollreifen<\/td>\n<\/tr>\n<tr>\n<td><strong>Federungstyp<\/strong><\/td>\n<td>Vollfederung<\/td>\n<\/tr>\n<tr>\n<td><strong>Grifftyp<\/strong><\/td>\n<td>Non-slip<\/td>\n<\/tr>\n<tr>\n<td><strong>Bremsenart<\/strong><\/td>\n<td>Hinterradbremse, Vorderradbremse<\/td>\n<\/tr>\n<tr>\n<td><strong>Batterieladezeit<\/strong><\/td>\n<td>6 Stunden<\/td>\n<\/tr>\n<tr>\n<td><strong>Maximale Reichweite<\/strong><\/td>\n<td>32 Km<\/td>\n<\/tr>\n<tr>\n<td><strong>Artikelgewicht<\/strong><\/td>\n<td>13,3 Kilogramm<\/td>\n<\/tr>\n<tr>\n<td><strong>Reifengr\u00f6\u00dfe<\/strong><\/td>\n<td>8,5 Zoll<\/td>\n<\/tr>\n<tr>\n<td><strong>Art der Garantie<\/strong><\/td>\n<td>Lebensdauer<\/td>\n<\/tr>\n<tr>\n<td><strong>Farbe<\/strong><\/td>\n<td>Grau<\/td>\n<\/tr>\n<tr>\n<td><strong>Marke<\/strong><\/td>\n<td>INVANTI<\/td>\n<\/tr>\n<tr>\n<td><strong>Modellname<\/strong><\/td>\n<td>Es09<\/td>\n<\/tr>\n<tr>\n<td><strong>Empfohlenes H\u00f6chstalter<\/strong><\/td>\n<td>60<\/td>\n<\/tr>\n<tr>\n<td><strong>Hersteller<\/strong><\/td>\n<td>\u200e\u200eInvanti (Beijing) Technology Co., Ltd.<\/td>\n<\/tr>\n<tr>\n<td><strong>Modellnummer<\/strong><\/td>\n<td>ES09<\/td>\n<\/tr>\n<tr>\n<td><strong>Herkunftsland<\/strong><\/td>\n<td>China<\/td>\n<\/tr>\n<tr>\n<td><strong>Eingeschlossene Komponenten<\/strong><\/td>\n<td>Bedienungsanleitung x 1, Elektroroller x 1, Ladeger\u00e4t x 1, Zubeh\u00f6r<\/td>\n<\/tr>\n<tr>\n<td><strong>Garantie f\u00fcr das Produkt<\/strong><\/td>\n<td>180 Tage Garantie<\/td>\n<\/tr>\n<tr>\n<td><strong>Amazon Bestseller-Rang<\/strong><\/td>\n<td><\/td>\n<\/tr>\n<tr>\n<td><strong>ASIN<\/strong><\/td>\n<td>B0F1913D59<\/td>\n<\/tr>\n<tr>\n<td><strong>Durchschnittliche Kundenbewertung<\/strong><\/td>\n<td><\/td>\n<\/tr>\n<tr>\n<td><strong>Radmaterial<\/strong><\/td>\n<td>Urethan<\/td>\n<\/tr>\n<tr>\n<td><strong>Rahmenmaterialtyp<\/strong><\/td>\n<td>Aluminium<\/td>\n<\/tr>\n<\/tbody>\n<\/table>\n<\/ul>","protected":false},"excerpt":{"rendered":"<p>Product Overview Marke: INVANTI Farbe: Grau Besonderes Merkmal: Gewichtsbegrenzung: 120 Kilogramm Anzahl der R\u00e4der: 2 Modellname: Es09 Radwerkstoff: Urethan Rahmenmaterial:<\/p>","protected":false},"featured_media":31802,"comment_status":"open","ping_status":"closed","template":"","meta":[],"product_brand":[],"product_cat":[153],"product_tag":[],"class_list":{"0":"post-31725","1":"product","2":"type-product","3":"status-publish","4":"has-post-thumbnail","6":"product_cat-e-scooter","8":"first","9":"instock","10":"shipping-taxable","11":"purchasable","12":"product-type-variable"},"jetpack_sharing_enabled":true,"_links":{"self":[{"href":"https:\/\/larhogar.shop\/en\/wp-json\/wp\/v2\/product\/31725","targetHints":{"allow":["GET"]}}],"collection":[{"href":"https:\/\/larhogar.shop\/en\/wp-json\/wp\/v2\/product"}],"about":[{"href":"https:\/\/larhogar.shop\/en\/wp-json\/wp\/v2\/types\/product"}],"replies":[{"embeddable":true,"href":"https:\/\/larhogar.shop\/en\/wp-json\/wp\/v2\/comments?post=31725"}],"version-history":[{"count":0,"href":"https:\/\/larhogar.shop\/en\/wp-json\/wp\/v2\/product\/31725\/revisions"}],"wp:featuredmedia":[{"embeddable":true,"href":"https:\/\/larhogar.shop\/en\/wp-json\/wp\/v2\/media\/31802"}],"wp:attachment":[{"href":"https:\/\/larhogar.shop\/en\/wp-json\/wp\/v2\/media?parent=31725"}],"wp:term":[{"taxonomy":"product_brand","embeddable":true,"href":"https:\/\/larhogar.shop\/en\/wp-json\/wp\/v2\/product_brand?post=31725"},{"taxonomy":"product_cat","embeddable":true,"href":"https:\/\/larhogar.shop\/en\/wp-json\/wp\/v2\/product_cat?post=31725"},{"taxonomy":"product_tag","embeddable":true,"href":"https:\/\/larhogar.shop\/en\/wp-json\/wp\/v2\/product_tag?post=31725"}],"curies":[{"name":"wp","href":"https:\/\/api.w.org\/{rel}","templated":true}]}}