{"id":31721,"date":"2026-05-11T17:21:12","date_gmt":"2026-05-11T17:21:12","guid":{"rendered":"https:\/\/larhogar.shop\/product\/evercross-ev10s-max-elektroroller-mit-strassenzulassung-abe-faltbarer-e-scooter-fur-erwachsene-mit-app-500w-motor-80km-reichweite-max-20-km-h-10-vakuumreifen-mit-gelschicht\/"},"modified":"2026-05-11T17:21:14","modified_gmt":"2026-05-11T17:21:14","slug":"evercross-ev10s-max-elektroroller-mit-strassenzulassung-abe-faltbarer-e-scooter-fur-erwachsene-mit-app-500w-motor-80km-reichweite-max-20-km-h-10-vakuumreifen-mit-gelschicht","status":"publish","type":"product","link":"https:\/\/larhogar.shop\/en\/product\/evercross-ev10s-max-elektroroller-mit-strassenzulassung-abe-faltbarer-e-scooter-fur-erwachsene-mit-app-500w-motor-80km-reichweite-max-20-km-h-10-vakuumreifen-mit-gelschicht\/","title":{"rendered":"Evercross EV10S MAX E-Scooter Stra\u00dfenzulassung ABE 500W 80 km Reichweite 20 km\/h 10 Zoll Vakuumreifen"},"content":{"rendered":"<div id=\"productDescription\" class=\"a-section a-spacing-small\">       <!-- show up to 2 reviews by default -->\n           <\/div>\n<p><strong>Product Overview<\/strong><\/p>\n<ul>\n<li>\n<strong>Marke:<\/strong> EVERCROSS<\/li>\n<li>\n<strong>Farbe:<\/strong> Grau (80KM Mit Lenklampe)<\/li>\n<li>\n<strong>Besonderes Merkmal:<\/strong> <\/li>\n<li>\n<strong>Modellname:<\/strong> Ev10s Max<\/li>\n<li>\n<strong>Radwerkstoff:<\/strong> Gummi<\/li>\n<li>\n<strong>Rahmenmaterial:<\/strong> Aluminium<\/li>\n<li>\n<strong>Lenker-Typ:<\/strong> Fest<\/li>\n<li>\n<strong>Radgr\u00f6\u00dfe:<\/strong> 10 Zoll<\/li>\n<li>\n<strong>Radtyp:<\/strong> Pneumatische<\/li>\n<li>\n<strong>Aufh\u00e4ngungstyp:<\/strong> Vollfederung<\/li>\n<\/ul>\n<p><strong>Product Features<\/strong><\/p>\n<ul>\n<li>&#x1f680; 500W Motor &#038; 3 Fahrmodi&#8212; Elektroroller Erwachsene mit 500W b\u00fcrstenlosem Motor f\u00fcr starke Beschleunigung und zuverl\u00e4ssige Leistung auf Stadt- und Landstra\u00dfen. Drei Fahrmodi (10\/15\/20 km\/h) machen den E Scooter ideal f\u00fcr Pendler und Freizeitfahrer und sorgen f\u00fcr ein flexibles und sicheres Fahrerlebnis.<\/li>\n<li>&#x1f50b; 80KM Reichweite &#038; 48V 15.6Ah Akku&#8212; E Scooter mit leistungsstarkem 48V 18Ah Akku bietet eine Reichweite von bis zu 80KM und ist perfekt f\u00fcr lange Strecken und t\u00e4gliches Pendeln geeignet. Die hohe Batteriekapazit\u00e4t sorgt f\u00fcr weniger Ladezyklen und mehr Effizienz im Alltag. (Abh\u00e4ngig von Gewicht, Nutzung und Wetterbedingungen.)<\/li>\n<li>&#x1f6e0; 10&#8243; Pannensichere Vakuumreifen&#8212; Elektroroller mit 10 Zoll Vakuumreifen und Gelschicht f\u00fcr erh\u00f6hte Pannensicherheit, starke Traktion und hohe Verschlei\u00dffestigkeit. Geeignet f\u00fcr Asphalt, Kopfsteinpflaster und leichte Offroad-Strecken \u2013 f\u00fcr maximale Stabilit\u00e4t und Kontrolle. Bruttogewicht 25.5KG.<\/li>\n<li>&#x1f6e0; Doppelte Sto\u00dfd\u00e4mpfung &#038; Komfort&#8212; E Scooter mit doppeltem Sto\u00dfd\u00e4mpfungssystem reduziert effektiv Vibrationen und sorgt f\u00fcr ein besonders komfortables Fahrerlebnis auch auf unebenen Stra\u00dfen. Der faltbare Rahmen erm\u00f6glicht zudem einfaches Tragen und platzsparende Aufbewahrung.<\/li>\n<li>&#x1f4f1; APP Steuerung &#038; Volle Sicherheit&#8212; Elektroroller mit APP (EVERCROSS PRO) zur Anzeige von Geschwindigkeit, Akkustand und Fahrdaten in Echtzeit. Ausgestattet mit LED-Scheinwerfer, R\u00fccklicht, Blinkern und Hupe f\u00fcr maximale Sichtbarkeit und Sicherheit \u2013 erf\u00fcllt alle Anforderungen an einen E Scooter mit Stra\u00dfenzulassung (ABE).<\/li>\n<\/ul>\n<p><strong>Product Information<\/strong><\/p>\n<ul>\n<table style=\"margin-bottom:20px\">\n<tbody>\n<tr>\n<td><strong>Besondere Merkmale<\/strong><\/td>\n<td>10&#8243; pannensichere Vakuumreifen, 500W b\u00fcrstenloser Motor, Duales Bremssystem, LED Display &#038; APP<\/td>\n<\/tr>\n<tr>\n<td><strong>Lenkstangentyp<\/strong><\/td>\n<td>Fest<\/td>\n<\/tr>\n<tr>\n<td><strong>Radtyp<\/strong><\/td>\n<td>Pneumatische<\/td>\n<\/tr>\n<tr>\n<td><strong>Federungstyp<\/strong><\/td>\n<td>Vollfederung<\/td>\n<\/tr>\n<tr>\n<td><strong>Grifftyp<\/strong><\/td>\n<td>Ergonomisch<\/td>\n<\/tr>\n<tr>\n<td><strong>Bremsenart<\/strong><\/td>\n<td>Hinterradbremse und Handbremse<\/td>\n<\/tr>\n<tr>\n<td><strong>Maximale Reichweite<\/strong><\/td>\n<td>150 Km<\/td>\n<\/tr>\n<tr>\n<td><strong>Reifengr\u00f6\u00dfe<\/strong><\/td>\n<td>10 Zoll<\/td>\n<\/tr>\n<tr>\n<td><strong>Radmaterial<\/strong><\/td>\n<td>Gummi<\/td>\n<\/tr>\n<tr>\n<td><strong>Rahmenmaterialtyp<\/strong><\/td>\n<td>Aluminium<\/td>\n<\/tr>\n<tr>\n<td><strong>Marke<\/strong><\/td>\n<td>EVERCROSS<\/td>\n<\/tr>\n<tr>\n<td><strong>Modellname<\/strong><\/td>\n<td>Ev10s Max<\/td>\n<\/tr>\n<tr>\n<td><strong>Empfohlene Verw.bereiche f\u00fcr Produkt<\/strong><\/td>\n<td>St\u00e4dtische Pendelfahrt, Freizeitfahren<\/td>\n<\/tr>\n<tr>\n<td><strong>Hersteller<\/strong><\/td>\n<td>EVERCROSS<\/td>\n<\/tr>\n<tr>\n<td><strong>Herkunftsland<\/strong><\/td>\n<td>China<\/td>\n<\/tr>\n<tr>\n<td><strong>Anzahl von Einheiten<\/strong><\/td>\n<td>1.0 st\u00fcck<\/td>\n<\/tr>\n<tr>\n<td><strong>Amazon Bestseller-Rang<\/strong><\/td>\n<td><\/td>\n<\/tr>\n<tr>\n<td><strong>ASIN<\/strong><\/td>\n<td>B0GSY4MMB8<\/td>\n<\/tr>\n<tr>\n<td><strong>Durchschnittliche Kundenbewertung<\/strong><\/td>\n<td><\/td>\n<\/tr>\n<tr>\n<td><strong>Farbe<\/strong><\/td>\n<td>Grau (80KM Mit Lenklampe)<\/td>\n<\/tr>\n<\/tbody>\n<\/table>\n<\/ul>","protected":false},"excerpt":{"rendered":"<p>Product Overview Marke: EVERCROSS Farbe: Grau (80KM Mit Lenklampe) Besonderes Merkmal: Modellname: Ev10s Max Radwerkstoff: Gummi Rahmenmaterial: Aluminium Lenker-Typ: Fest<\/p>","protected":false},"featured_media":31788,"comment_status":"open","ping_status":"closed","template":"","meta":[],"product_brand":[],"product_cat":[153],"product_tag":[],"class_list":{"0":"post-31721","1":"product","2":"type-product","3":"status-publish","4":"has-post-thumbnail","6":"product_cat-e-scooter","8":"first","9":"instock","10":"shipping-taxable","11":"purchasable","12":"product-type-variable"},"jetpack_sharing_enabled":true,"_links":{"self":[{"href":"https:\/\/larhogar.shop\/en\/wp-json\/wp\/v2\/product\/31721","targetHints":{"allow":["GET"]}}],"collection":[{"href":"https:\/\/larhogar.shop\/en\/wp-json\/wp\/v2\/product"}],"about":[{"href":"https:\/\/larhogar.shop\/en\/wp-json\/wp\/v2\/types\/product"}],"replies":[{"embeddable":true,"href":"https:\/\/larhogar.shop\/en\/wp-json\/wp\/v2\/comments?post=31721"}],"version-history":[{"count":0,"href":"https:\/\/larhogar.shop\/en\/wp-json\/wp\/v2\/product\/31721\/revisions"}],"wp:featuredmedia":[{"embeddable":true,"href":"https:\/\/larhogar.shop\/en\/wp-json\/wp\/v2\/media\/31788"}],"wp:attachment":[{"href":"https:\/\/larhogar.shop\/en\/wp-json\/wp\/v2\/media?parent=31721"}],"wp:term":[{"taxonomy":"product_brand","embeddable":true,"href":"https:\/\/larhogar.shop\/en\/wp-json\/wp\/v2\/product_brand?post=31721"},{"taxonomy":"product_cat","embeddable":true,"href":"https:\/\/larhogar.shop\/en\/wp-json\/wp\/v2\/product_cat?post=31721"},{"taxonomy":"product_tag","embeddable":true,"href":"https:\/\/larhogar.shop\/en\/wp-json\/wp\/v2\/product_tag?post=31721"}],"curies":[{"name":"wp","href":"https:\/\/api.w.org\/{rel}","templated":true}]}}