{"id":31716,"date":"2026-05-11T17:21:10","date_gmt":"2026-05-11T17:21:10","guid":{"rendered":"https:\/\/larhogar.shop\/product\/e-scooter-mit-strassenzulassung-abe-elektroroller-belastung-bis-120kg-30-km-reichweite-led-20km-h-350w-motor-8-5-zoll-wabenreifen-duales-bremssystem-e-roller-fur-erwachsene\/"},"modified":"2026-05-11T17:21:11","modified_gmt":"2026-05-11T17:21:11","slug":"e-scooter-mit-strassenzulassung-abe-elektroroller-belastung-bis-120kg-30-km-reichweite-led-20km-h-350w-motor-8-5-zoll-wabenreifen-duales-bremssystem-e-roller-fur-erwachsene","status":"publish","type":"product","link":"https:\/\/larhogar.shop\/en\/product\/e-scooter-mit-strassenzulassung-abe-elektroroller-belastung-bis-120kg-30-km-reichweite-led-20km-h-350w-motor-8-5-zoll-wabenreifen-duales-bremssystem-e-roller-fur-erwachsene\/","title":{"rendered":"E-Scooter Stra\u00dfenzulassung ABE 350W 30 km Reichweite 120 kg 8,5 Zoll Wabenreifen Doppelbremse LED"},"content":{"rendered":"<p><strong>Product Overview<\/strong><\/p>\n<ul>\n<li>\n<strong>Marke:<\/strong> iScooter<\/li>\n<li>\n<strong>Farbe:<\/strong> \u200eE9<\/li>\n<li>\n<strong>Altersspektrum (Beschreibung):<\/strong> Erwachsene<\/li>\n<li>\n<strong>Besonderes Merkmal:<\/strong> <\/li>\n<li>\n<strong>Gewichtsbegrenzung:<\/strong> 120 Kilogramm<\/li>\n<li>\n<strong>Produktabmessungen:<\/strong> 115L x 48B x 115H cm<\/li>\n<li>\n<strong>Anzahl der R\u00e4der:<\/strong> 2<\/li>\n<li>\n<strong>Modellname:<\/strong> E9<\/li>\n<li>\n<strong>Radwerkstoff:<\/strong> Gummi<\/li>\n<li>\n<strong>Rahmenmaterial:<\/strong> Aluminium<\/li>\n<\/ul>\n<p><strong>Product Features<\/strong><\/p>\n<ul>\n<li>\u3010E Scooter mit Stra\u00dfenzulassung ABE\u3011E-Scooter mit Stra\u00dfenzulassung (ABE) zur Nutzung auf \u00f6ffentlichen Stra\u00dfen (Datenbest\u00e4tigung im Lieferumfang beiliegend mit Angabe der Fahrzeugidentifikationsnr. (FIN) + auf der Unterseites des Scooters zu finden). Wenden Sie sich nach Erhalt der Ware an unseren Kundenservice, wir werden Ihnen Anweisungen zur ABE-Registrierung zukommen lassen.<\/li>\n<li>\u3010350W Starker Motor\u3011E-Scooter ist mit einem 350w elektrische Nabenmotor erm\u00f6glicht Geschwindigkeiten bis zu 20 km\/h. Die Steigf\u00e4higkeit betr\u00e4gt 15 Grad. Es ist leicht zu lagern und zu transportieren, und der Fahrprozess ist sehr glatt und leise. Der leistungsstarke Motor kann einen 120kg schweren Erwachsenen leicht und schnell \u00fcber Stra\u00dfen, Gras und sogar Klettern tragen.<\/li>\n<li>\u3010Lithium-Akku\u301136V7.5Ah Akku erm\u00f6glicht eine Reichweite von bis zu 25-30 km, und es dauert nur 3-5 Stunden, um die Ladung abzuschlie\u00dfen. Der hochwertige Lithium-Ionen-Akku hat eine gro\u00dfe Kapazit\u00e4t von 7,5 Ah. Der Akku verf\u00fcgt \u00fcber einen \u00dcberlade- und Tiefentladeschutz und kann mehr als 1000 Mal (60 Monate) aufgeladen werden.<\/li>\n<li>\u3010Wabenreifen\u3011E9Pro elektroroller erwachsene fahren bequem und sicher \u00fcber lange Zeitr\u00e4ume mit 8,5 Zoll rutschfesten Wabengummireifen. Die sto\u00dfd\u00e4mpfenden 8,5-Zoll Wabenreifen erfordern kein Aufpumpen, keine Reparatur oder Wartung. Machen Sie sich keine Sorgen \u00fcber Pannen, Vollgummireifen haben eine gute Anti-Rutsch-Wirkung mit hoher Elastizit\u00e4t und Verschlei\u00dffestigkeit.<\/li>\n<li>\u3010Tragbar und Faltbar\u3011Der leichte e roller l\u00e4sst sich leicht innerhalb von 3 Sekunden zusammenklappen und ist \u00fcberall leicht zu tragen oder zu verstauen. Einem sanften Fahr- und Beschleunigungsverhalten und einer tragbaren Faltstruktur ist der e roller speziell darauf ausgelegt, das Pendeln komfortabler und effizienter zu gestalten.<\/li>\n<li>\u3010Premium-Service\u3011\u2013 Unser zertifiziertes Service-Center in Deutschland gew\u00e4hrleistet umfassenden Kundenservice. Wir bieten ab Kaufdatum eine Herstellergarantie mit einj\u00e4hrigem Schutz f\u00fcr spezifische Komponenten inklusive Austauschoption. \u00dcber 90% europ\u00e4ischer erreichen Sie innerhalb von 2-3 Werktagen.<\/li>\n<\/ul>\n<p><strong>Product Information<\/strong><\/p>\n<ul>\n<table style=\"margin-bottom:20px\">\n<tbody>\n<tr>\n<td><strong>Besondere Merkmale<\/strong><\/td>\n<td>ABE-Zulassung f\u00fcr den Stra\u00dfenverkehr vorhanden, Lokale Servicestelle in Deutschland, Pannensichere Reifen \u2013 reduziert Pannenhilfe, Spitzenmotor bis max. 500 W \/ App-f\u00e4hige Steuerung, Umweltfreundliches Reisen reduziert CO2-Emissionen<\/td>\n<\/tr>\n<tr>\n<td><strong>Max. Nutzlast<\/strong><\/td>\n<td>120 Kilogramm<\/td>\n<\/tr>\n<tr>\n<td><strong>Anzahl an R\u00e4dern<\/strong><\/td>\n<td>2<\/td>\n<\/tr>\n<tr>\n<td><strong>Lenkstangentyp<\/strong><\/td>\n<td>Fest<\/td>\n<\/tr>\n<tr>\n<td><strong>Radtyp<\/strong><\/td>\n<td>Rolle<\/td>\n<\/tr>\n<tr>\n<td><strong>Federungstyp<\/strong><\/td>\n<td>Vollfederung<\/td>\n<\/tr>\n<tr>\n<td><strong>Grifftyp<\/strong><\/td>\n<td>Rutschfest<\/td>\n<\/tr>\n<tr>\n<td><strong>Bremsenart<\/strong><\/td>\n<td>Hinterradbremse<\/td>\n<\/tr>\n<tr>\n<td><strong>Batterieladezeit<\/strong><\/td>\n<td>5 Stunden<\/td>\n<\/tr>\n<tr>\n<td><strong>Maximale Reichweite<\/strong><\/td>\n<td>30 Km<\/td>\n<\/tr>\n<tr>\n<td><strong>Artikel Abmessungen L x B x H<\/strong><\/td>\n<td>115L x 48B x 115H cm<\/td>\n<\/tr>\n<tr>\n<td><strong>Artikelgewicht<\/strong><\/td>\n<td>13,86 Kilogramm<\/td>\n<\/tr>\n<tr>\n<td><strong>Reifengr\u00f6\u00dfe<\/strong><\/td>\n<td>8,5 Zoll<\/td>\n<\/tr>\n<tr>\n<td><strong>Radmaterial<\/strong><\/td>\n<td>Gummi<\/td>\n<\/tr>\n<tr>\n<td><strong>Rahmenmaterialtyp<\/strong><\/td>\n<td>Aluminium<\/td>\n<\/tr>\n<tr>\n<td><strong>Marke<\/strong><\/td>\n<td>iScooter<\/td>\n<\/tr>\n<tr>\n<td><strong>Altersgruppe Beschreibung<\/strong><\/td>\n<td>Erwachsene<\/td>\n<\/tr>\n<tr>\n<td><strong>Modellname<\/strong><\/td>\n<td>E9<\/td>\n<\/tr>\n<tr>\n<td><strong>Empfohlene Verw.bereiche f\u00fcr Produkt<\/strong><\/td>\n<td>urban commuting, short-distance travel, recreational use<\/td>\n<\/tr>\n<tr>\n<td><strong>Hersteller<\/strong><\/td>\n<td>Wuyi Jinyue Engine Science and Technology Co., Ltd.<\/td>\n<\/tr>\n<tr>\n<td><strong>Artikeltyp Name<\/strong><\/td>\n<td>E scooter<\/td>\n<\/tr>\n<tr>\n<td><strong>Anzahl von Einheiten<\/strong><\/td>\n<td>1.0 st\u00fcck<\/td>\n<\/tr>\n<tr>\n<td><strong>Eingeschlossene Komponenten<\/strong><\/td>\n<td>Bedienungsanleitungen, H\u00e4ngetaschen, abe-F\u00fchrerschein, e scooter<\/td>\n<\/tr>\n<tr>\n<td><strong>Garantie f\u00fcr das Produkt<\/strong><\/td>\n<td>14Alter 14 Jahre und \u00e4lter<\/td>\n<\/tr>\n<tr>\n<td><strong>Amazon Bestseller-Rang<\/strong><\/td>\n<td><\/td>\n<\/tr>\n<tr>\n<td><strong>ASIN<\/strong><\/td>\n<td>B09T69Y9W5<\/td>\n<\/tr>\n<tr>\n<td><strong>Durchschnittliche Kundenbewertung<\/strong><\/td>\n<td><\/td>\n<\/tr>\n<tr>\n<td><strong>Art der Garantie<\/strong><\/td>\n<td>Grundlegende Garantie<\/td>\n<\/tr>\n<tr>\n<td><strong>Farbe<\/strong><\/td>\n<td>\u200eE9<\/td>\n<\/tr>\n<\/tbody>\n<\/table>\n<\/ul>","protected":false},"excerpt":{"rendered":"<p>Product Overview Marke: iScooter Farbe: \u200eE9 Altersspektrum (Beschreibung): Erwachsene Besonderes Merkmal: Gewichtsbegrenzung: 120 Kilogramm Produktabmessungen: 115L x 48B x 115H<\/p>","protected":false},"featured_media":31773,"comment_status":"open","ping_status":"closed","template":"","meta":[],"product_brand":[],"product_cat":[153],"product_tag":[],"class_list":{"0":"post-31716","1":"product","2":"type-product","3":"status-publish","4":"has-post-thumbnail","6":"product_cat-e-scooter","8":"first","9":"instock","10":"shipping-taxable","11":"purchasable","12":"product-type-variable"},"jetpack_sharing_enabled":true,"_links":{"self":[{"href":"https:\/\/larhogar.shop\/en\/wp-json\/wp\/v2\/product\/31716","targetHints":{"allow":["GET"]}}],"collection":[{"href":"https:\/\/larhogar.shop\/en\/wp-json\/wp\/v2\/product"}],"about":[{"href":"https:\/\/larhogar.shop\/en\/wp-json\/wp\/v2\/types\/product"}],"replies":[{"embeddable":true,"href":"https:\/\/larhogar.shop\/en\/wp-json\/wp\/v2\/comments?post=31716"}],"version-history":[{"count":0,"href":"https:\/\/larhogar.shop\/en\/wp-json\/wp\/v2\/product\/31716\/revisions"}],"wp:featuredmedia":[{"embeddable":true,"href":"https:\/\/larhogar.shop\/en\/wp-json\/wp\/v2\/media\/31773"}],"wp:attachment":[{"href":"https:\/\/larhogar.shop\/en\/wp-json\/wp\/v2\/media?parent=31716"}],"wp:term":[{"taxonomy":"product_brand","embeddable":true,"href":"https:\/\/larhogar.shop\/en\/wp-json\/wp\/v2\/product_brand?post=31716"},{"taxonomy":"product_cat","embeddable":true,"href":"https:\/\/larhogar.shop\/en\/wp-json\/wp\/v2\/product_cat?post=31716"},{"taxonomy":"product_tag","embeddable":true,"href":"https:\/\/larhogar.shop\/en\/wp-json\/wp\/v2\/product_tag?post=31716"}],"curies":[{"name":"wp","href":"https:\/\/api.w.org\/{rel}","templated":true}]}}