{"id":31713,"date":"2026-05-11T17:21:10","date_gmt":"2026-05-11T17:21:10","guid":{"rendered":"https:\/\/larhogar.shop\/product\/e-scooter-mit-strassenzulassung-mit-max-70-30km-reichweite-10-8-5-zoll-elektroroller-mit-komfortable-stossdampfer-faltbarer-e-roller-belastung-doppelbremse-led-licht-app-verbindung\/"},"modified":"2026-05-11T17:21:11","modified_gmt":"2026-05-11T17:21:11","slug":"e-scooter-mit-strassenzulassung-mit-max-70-30km-reichweite-10-8-5-zoll-elektroroller-mit-komfortable-stossdampfer-faltbarer-e-roller-belastung-doppelbremse-led-licht-app-verbindung","status":"publish","type":"product","link":"https:\/\/larhogar.shop\/en\/product\/e-scooter-mit-strassenzulassung-mit-max-70-30km-reichweite-10-8-5-zoll-elektroroller-mit-komfortable-stossdampfer-faltbarer-e-roller-belastung-doppelbremse-led-licht-app-verbindung\/","title":{"rendered":"E-Scooter Stra\u00dfenzulassung 70 km Reichweite 10 Zoll Sto\u00dfd\u00e4mpfer Doppelbremse LED App-Steuerung Faltbar"},"content":{"rendered":"<div id=\"productDescription\" class=\"a-section a-spacing-small\">       <!-- show up to 2 reviews by default -->\n           <\/div>\n<p><strong>Product Overview<\/strong><\/p>\n<ul>\n<li>\n<strong>Marke:<\/strong> Finbike<\/li>\n<li>\n<strong>Modellname:<\/strong> 10 Zoll Offroad E Scooter T4(M2\uff09<\/li>\n<li>\n<strong>Farbe:<\/strong> Max. 70km Reichweite Schwarz<\/li>\n<li>\n<strong>Besonderes Merkmal:<\/strong> <\/li>\n<li>\n<strong>H\u00f6chstgeschwindigkeit:<\/strong> 20 Kilometer pro Stunde<\/li>\n<\/ul>\n<p><strong>Product Features<\/strong><\/p>\n<ul>\n<li>\u3010Max. 70 km Reichweite\u3011Elektroroller mit 500-W-B\u00fcrstenlosmotor,der mit einer einzigen Ladung bis zu 50\u201370 Kilometer weit f\u00e4hrt. Er verf\u00fcgt \u00fcber 3 Geschwindigkeitsmodi, um Steigungen von 25\u201335\u00b0 zu bew\u00e4ltigen. 20km\/h<\/li>\n<li>\u3010ALL-TERRAIN OFF-ROAD PERFORMANCE\u3011Entwickelt f\u00fcr Off-Road-Enthusiasten, klettert dieser E Scooter mit Stra\u00dfenzulassung 25%-30% Steigungen hinauf und durchquert jedes Gel\u00e4nde mit Leichtigkeit, mit Offroad-Vollreifen mit Pannenschutz und einem Dual-Feder vorne und H\u00fclse hinten Sto\u00dfd\u00e4mpfungssystem, das \u00fcberlegenen Komfort und Stabilit\u00e4t auf holprigen Wegen oder unebenen Oberfl\u00e4chen gew\u00e4hrleistet. Egal, ob Sie die Wildnis erkunden oder durch die Landschaft wandern, Sie werden ein reibungsloses und stabiles Fahrerlebnis genie\u00dfen.<\/li>\n<li>Premium-Elektro-Roller f\u00fcr anspruchsvolle Offroad-Abenteuer \u2013 Ingenieurskunst. Wer h\u00f6chste Anspr\u00fcche an Sicherheit, Langlebigkeit und Performance stellt, findet in diesem Elektro-Roller die perfekte L\u00f6sung. Jedes Detail ist durchdacht, um Ihnen ein rundum sorgenfreies und kraftvolles Fahrerlebnis zu bieten.<\/li>\n<li>\u3010Robustheit in deutscher Ingenieurskunst\u3011Mit einer maximalen Tragkraft von 150 kg bietet es herausragende Stabilit\u00e4t und Handling-Eigenschaften. Ob f\u00fcr den t\u00e4glichen Weg zur Arbeit oder f\u00fcr Offroad-Abenteuer \u2013 es bleibt Ihr zuverl\u00e4ssiger Begleiter. Intelligentes LCD-Armaturenbrett \u2013 \u00fcberwachen Sie wichtige Daten wie Geschwindigkeit, Batterieladestand und Kilometerstand in Echtzeit. Das \u00fcbersichtliche Display sorgt f\u00fcr sichere Kontrolle w\u00e4hrend Ihrer gesamten Fahrt.<\/li>\n<li>\u3010Kundenservice rund um die Uhr\u3011 Wir unterhalten mehrere Lagerh\u00e4user in ganz Deutschland und liefern Ihren Roller in der Regel innerhalb von 2\u20133 Werktagen. Ein spezielles Kundendienstzentrum besch\u00e4ftigt professionelle Techniker f\u00fcr Reparaturen. Dar\u00fcber hinaus bieten wir w\u00e4hrend der Garantiezeit einen kostenlosen Austauschservice f\u00fcr mehrere Komponenten an. Unser Expertenteam steht Ihnen innerhalb von 24 Stunden mit Beratung und Support zur Verf\u00fcgung.<\/li>\n<li>Sind Sie bereit, Stadt und Natur auf eine v\u00f6llig neue Art zu erobern? Der f\u00fcr alle entwickelt, die Wert auf Qualit\u00e4t, Sicherheit und unvergleichliches Fahrvergn\u00fcgen legen. Wir bringen das Konzept der &#8222;Technologie f\u00fcr alle&#8220; nach Deutschland \u2013 mit einem Produkt, das sich perfekt in Ihren aktiven Lebensstil einf\u00fcgt.<\/li>\n<\/ul>\n<p><strong>Product Information<\/strong><\/p>\n<ul>\n<table style=\"margin-bottom:20px\">\n<tbody>\n<tr>\n<td><strong>Besondere Eigenschaften<\/strong><\/td>\n<td>6 komfortable Aufh\u00e4ngungen, App-Sperrfunktion, Breites Deck f\u00fcr Elektroroller, Echtes Gel\u00e4ndewagen-Design, Hinten&#038;Vorne Scheibenbremse<\/td>\n<\/tr>\n<tr>\n<td><strong>H\u00f6chstgeschwindigkeit<\/strong><\/td>\n<td>20 Kilometer pro Stunde<\/td>\n<\/tr>\n<tr>\n<td><strong>Gr\u00f6\u00dfe der R\u00e4der<\/strong><\/td>\n<td>10 Zoll<\/td>\n<\/tr>\n<tr>\n<td><strong>Batteriekapazit\u00e4t<\/strong><\/td>\n<td>12,5 Amperestunden<\/td>\n<\/tr>\n<tr>\n<td><strong>Spannung<\/strong><\/td>\n<td>54 Volt<\/td>\n<\/tr>\n<tr>\n<td><strong>Geschwindigkeit<\/strong><\/td>\n<td>20 Kilometer pro Stunde<\/td>\n<\/tr>\n<tr>\n<td><strong>Bremsentyp<\/strong><\/td>\n<td>Hinterradbremse<\/td>\n<\/tr>\n<tr>\n<td><strong>Artikelgewicht<\/strong><\/td>\n<td>24 Kilogramm<\/td>\n<\/tr>\n<tr>\n<td><strong>Artikel Abmessungen L x B x H<\/strong><\/td>\n<td>120L x 68B x 118H cm<\/td>\n<\/tr>\n<tr>\n<td><strong>Farbe<\/strong><\/td>\n<td>Max. 70km Reichweite Schwarz<\/td>\n<\/tr>\n<tr>\n<td><strong>Stil<\/strong><\/td>\n<td>Offroad-Fahrzeugkarosseriekonstruktion<\/td>\n<\/tr>\n<tr>\n<td><strong>Markenname<\/strong><\/td>\n<td>Finbike<\/td>\n<\/tr>\n<tr>\n<td><strong>Modellname<\/strong><\/td>\n<td>10 Zoll Offroad E Scooter T4(M2\uff09<\/td>\n<\/tr>\n<tr>\n<td><strong>Empfohlene Verw.bereiche f\u00fcr Produkt<\/strong><\/td>\n<td>Elektroroller f\u00fcr Pendler, Familienausfl\u00fcge, Offroad-Erkundung mit Elektrorollern, Radfahren auf dem Campus, gesellschaftliche Veranstaltungen<\/td>\n<\/tr>\n<tr>\n<td><strong>Enthaltene Komponenten<\/strong><\/td>\n<td>Allgemeine Betriebserlaubnis (ABE), Benutzerhandbuch, Elektroroller, Ladeger\u00e4t, T-f\u00f6rmiger Inbusschl\u00fcssel<\/td>\n<\/tr>\n<tr>\n<td><strong>Modellnummer<\/strong><\/td>\n<td>T4<\/td>\n<\/tr>\n<tr>\n<td><strong>Garantie f\u00fcr das Produkt<\/strong><\/td>\n<td>2 Jahre Herstellergarantie<\/td>\n<\/tr>\n<tr>\n<td><strong>Hersteller<\/strong><\/td>\n<td>\u200e\u200e\u200eWuyi Jinyue Engine Science and Technology Co., Ltd.<\/td>\n<\/tr>\n<tr>\n<td><strong>Ursprungsland<\/strong><\/td>\n<td>China<\/td>\n<\/tr>\n<tr>\n<td><strong>Amazon Bestseller-Rang<\/strong><\/td>\n<td><\/td>\n<\/tr>\n<tr>\n<td><strong>ASIN<\/strong><\/td>\n<td>B0FWRX7CCQ<\/td>\n<\/tr>\n<tr>\n<td><strong>Durchschnittliche Kundenbewertung<\/strong><\/td>\n<td><\/td>\n<\/tr>\n<tr>\n<td><strong>Material<\/strong><\/td>\n<td>Aluminium<\/td>\n<\/tr>\n<tr>\n<td><strong>Rahmenmaterial<\/strong><\/td>\n<td>Aluminium<\/td>\n<\/tr>\n<tr>\n<td><strong>Radmaterial<\/strong><\/td>\n<td>Polypropylen (PP)<\/td>\n<\/tr>\n<\/tbody>\n<\/table>\n<\/ul>","protected":false},"excerpt":{"rendered":"<p>Product Overview Marke: Finbike Modellname: 10 Zoll Offroad E Scooter T4(M2\uff09 Farbe: Max. 70km Reichweite Schwarz Besonderes Merkmal: H\u00f6chstgeschwindigkeit: 20<\/p>","protected":false},"featured_media":31760,"comment_status":"open","ping_status":"closed","template":"","meta":[],"product_brand":[],"product_cat":[153],"product_tag":[],"class_list":{"0":"post-31713","1":"product","2":"type-product","3":"status-publish","4":"has-post-thumbnail","6":"product_cat-e-scooter","8":"first","9":"instock","10":"shipping-taxable","11":"purchasable","12":"product-type-variable"},"jetpack_sharing_enabled":true,"_links":{"self":[{"href":"https:\/\/larhogar.shop\/en\/wp-json\/wp\/v2\/product\/31713","targetHints":{"allow":["GET"]}}],"collection":[{"href":"https:\/\/larhogar.shop\/en\/wp-json\/wp\/v2\/product"}],"about":[{"href":"https:\/\/larhogar.shop\/en\/wp-json\/wp\/v2\/types\/product"}],"replies":[{"embeddable":true,"href":"https:\/\/larhogar.shop\/en\/wp-json\/wp\/v2\/comments?post=31713"}],"version-history":[{"count":0,"href":"https:\/\/larhogar.shop\/en\/wp-json\/wp\/v2\/product\/31713\/revisions"}],"wp:featuredmedia":[{"embeddable":true,"href":"https:\/\/larhogar.shop\/en\/wp-json\/wp\/v2\/media\/31760"}],"wp:attachment":[{"href":"https:\/\/larhogar.shop\/en\/wp-json\/wp\/v2\/media?parent=31713"}],"wp:term":[{"taxonomy":"product_brand","embeddable":true,"href":"https:\/\/larhogar.shop\/en\/wp-json\/wp\/v2\/product_brand?post=31713"},{"taxonomy":"product_cat","embeddable":true,"href":"https:\/\/larhogar.shop\/en\/wp-json\/wp\/v2\/product_cat?post=31713"},{"taxonomy":"product_tag","embeddable":true,"href":"https:\/\/larhogar.shop\/en\/wp-json\/wp\/v2\/product_tag?post=31713"}],"curies":[{"name":"wp","href":"https:\/\/api.w.org\/{rel}","templated":true}]}}