{"id":31708,"date":"2026-05-11T17:21:09","date_gmt":"2026-05-11T17:21:09","guid":{"rendered":"https:\/\/larhogar.shop\/product\/faltbarer-elektroroller-fur-erwachsene-8-5-zoll-10-zoll-reifen-reichweite-von-25-45-kilometern-stossdampfung-vorne-und-hinten-app-steuerung\/"},"modified":"2026-05-11T17:21:11","modified_gmt":"2026-05-11T17:21:11","slug":"faltbarer-elektroroller-fur-erwachsene-8-5-zoll-10-zoll-reifen-reichweite-von-25-45-kilometern-stossdampfung-vorne-und-hinten-app-steuerung","status":"publish","type":"product","link":"https:\/\/larhogar.shop\/en\/product\/faltbarer-elektroroller-fur-erwachsene-8-5-zoll-10-zoll-reifen-reichweite-von-25-45-kilometern-stossdampfung-vorne-und-hinten-app-steuerung\/","title":{"rendered":"E-Scooter Faltbar 10 Zoll 45 km Reichweite Sto\u00dfd\u00e4mpfung Vorne Hinten App-Steuerung Erwachsene"},"content":{"rendered":"<p><strong>Product Overview<\/strong><\/p>\n<ul>\n<li>\n<strong>Marke:<\/strong> Kedaung<\/li>\n<li>\n<strong>Farbe:<\/strong> Schwarz<\/li>\n<li>\n<strong>Besonderes Merkmal:<\/strong> App Control<\/li>\n<li>\n<strong>Gewichtsbegrenzung:<\/strong> 120 Kilogramm<\/li>\n<li>\n<strong>Produktabmessungen:<\/strong> 100L x 45B x 115H cm<\/li>\n<li>\n<strong>Anzahl der R\u00e4der:<\/strong> 2<\/li>\n<li>\n<strong>Modellname:<\/strong> W4-pro-black<\/li>\n<li>\n<strong>Radwerkstoff:<\/strong> Rubber<\/li>\n<li>\n<strong>Rahmenmaterial:<\/strong> Aluminium Alloy<\/li>\n<li>\n<strong>Lenker-Typ:<\/strong> Einstellbar<\/li>\n<\/ul>\n<p><strong>Product Features<\/strong><\/p>\n<ul>\n<li>Legale Stra\u00dfenzulassung, sorgenfreie Nutzung: Dieser Elektroroller erf\u00fcllt die Stra\u00dfenverkehrsnormen und gew\u00e4hrleistet so sicheres und legales Fahren in der Stadt.<\/li>\n<li>8,5-Zoll-R\u00e4der: Sie absorbieren Unebenheiten im Stadtverkehr und sorgen f\u00fcr eine komfortable Fahrt. Dank seines kompakten Designs l\u00e4sst er sich problemlos in Bussen und U-Bahnen mitnehmen und auch in engen Parkl\u00fccken verstauen \u2013 ideal f\u00fcr den Alltag.<\/li>\n<li>Leistungsstarker 10,4-Ah-Akku f\u00fcr lange Reichweite: Der integrierte, hochwertige 10,4-Ah-Lithium-Akku mit exzellenter Ladeeffizienz und extrem geringer Selbstentladung reicht f\u00fcr diverse Fahrten im Alltag.<\/li>\n<li>30 km Reichweite f\u00fcr alle Fahrsituationen: Mit einer maximalen Reichweite von bis zu 30 km ist er die ideale L\u00f6sung f\u00fcr kurze Strecken in der Stadt.<\/li>\n<li>Speziell f\u00fcr Erwachsene entwickelt: Komfortabel und einfach im Stehen zu fahren, passt er sich optimal an unterschiedliche K\u00f6rpergr\u00f6\u00dfen und Fahrgewohnheiten an und macht das Pendeln so entspannter.<\/li>\n<\/ul>\n<p><strong>Product Information<\/strong><\/p>\n<ul>\n<table style=\"margin-bottom:20px\">\n<tbody>\n<tr>\n<td><strong>Besondere Merkmale<\/strong><\/td>\n<td>App Control<\/td>\n<\/tr>\n<tr>\n<td><strong>Max. Nutzlast<\/strong><\/td>\n<td>120 Kilogramm<\/td>\n<\/tr>\n<tr>\n<td><strong>Anzahl an R\u00e4dern<\/strong><\/td>\n<td>2<\/td>\n<\/tr>\n<tr>\n<td><strong>Lenkstangentyp<\/strong><\/td>\n<td>Einstellbar<\/td>\n<\/tr>\n<tr>\n<td><strong>Radtyp<\/strong><\/td>\n<td>Honeycomb<\/td>\n<\/tr>\n<tr>\n<td><strong>Federungstyp<\/strong><\/td>\n<td>Dual Shock Absorption<\/td>\n<\/tr>\n<tr>\n<td><strong>Grifftyp<\/strong><\/td>\n<td>Ergonomisch<\/td>\n<\/tr>\n<tr>\n<td><strong>Bremsenart<\/strong><\/td>\n<td>Hinterradbremse<\/td>\n<\/tr>\n<tr>\n<td><strong>Batterieladezeit<\/strong><\/td>\n<td>5 Stunden<\/td>\n<\/tr>\n<tr>\n<td><strong>Maximale Reichweite<\/strong><\/td>\n<td>25 Km<\/td>\n<\/tr>\n<tr>\n<td><strong>Artikel Abmessungen L x B x H<\/strong><\/td>\n<td>100L x 45B x 115H cm<\/td>\n<\/tr>\n<tr>\n<td><strong>Griffl\u00e4nge<\/strong><\/td>\n<td>110 Zentimeter<\/td>\n<\/tr>\n<tr>\n<td><strong>Reifengr\u00f6\u00dfe<\/strong><\/td>\n<td>8,5 Zoll<\/td>\n<\/tr>\n<tr>\n<td><strong>Radmaterial<\/strong><\/td>\n<td>Rubber<\/td>\n<\/tr>\n<tr>\n<td><strong>Rahmenmaterialtyp<\/strong><\/td>\n<td>Aluminium Alloy<\/td>\n<\/tr>\n<tr>\n<td><strong>Marke<\/strong><\/td>\n<td>Kedaung<\/td>\n<\/tr>\n<tr>\n<td><strong>Modellname<\/strong><\/td>\n<td>W4-pro-black<\/td>\n<\/tr>\n<tr>\n<td><strong>Empfohlene Verw.bereiche f\u00fcr Produkt<\/strong><\/td>\n<td>Commuting<\/td>\n<\/tr>\n<tr>\n<td><strong>Empfohlenes H\u00f6chstalter<\/strong><\/td>\n<td>65<\/td>\n<\/tr>\n<tr>\n<td><strong>Hersteller<\/strong><\/td>\n<td>weiqi<\/td>\n<\/tr>\n<tr>\n<td><strong>UPC<\/strong><\/td>\n<td>747759628948<\/td>\n<\/tr>\n<tr>\n<td><strong>Herkunftsland<\/strong><\/td>\n<td>China<\/td>\n<\/tr>\n<tr>\n<td><strong>Anzahl von Einheiten<\/strong><\/td>\n<td>1.0 st\u00fcck<\/td>\n<\/tr>\n<tr>\n<td><strong>Eingeschlossene Komponenten<\/strong><\/td>\n<td>Electric Scooter<\/td>\n<\/tr>\n<tr>\n<td><strong>Garantie f\u00fcr das Produkt<\/strong><\/td>\n<td>1<\/td>\n<\/tr>\n<tr>\n<td><strong>Amazon Bestseller-Rang<\/strong><\/td>\n<td><\/td>\n<\/tr>\n<tr>\n<td><strong>ASIN<\/strong><\/td>\n<td>B0GRG75JQ1<\/td>\n<\/tr>\n<tr>\n<td><strong>Durchschnittliche Kundenbewertung<\/strong><\/td>\n<td><\/td>\n<\/tr>\n<tr>\n<td><strong>Art der Garantie<\/strong><\/td>\n<td>Limited<\/td>\n<\/tr>\n<tr>\n<td><strong>Farbe<\/strong><\/td>\n<td>Schwarz<\/td>\n<\/tr>\n<\/tbody>\n<\/table>\n<\/ul>","protected":false},"excerpt":{"rendered":"<p>Product Overview Marke: Kedaung Farbe: Schwarz Besonderes Merkmal: App Control Gewichtsbegrenzung: 120 Kilogramm Produktabmessungen: 100L x 45B x 115H cm<\/p>","protected":false},"featured_media":31712,"comment_status":"open","ping_status":"closed","template":"","meta":[],"product_brand":[],"product_cat":[153],"product_tag":[],"class_list":{"0":"post-31708","1":"product","2":"type-product","3":"status-publish","4":"has-post-thumbnail","6":"product_cat-e-scooter","8":"first","9":"instock","10":"shipping-taxable","11":"purchasable","12":"product-type-variable"},"jetpack_sharing_enabled":true,"_links":{"self":[{"href":"https:\/\/larhogar.shop\/en\/wp-json\/wp\/v2\/product\/31708","targetHints":{"allow":["GET"]}}],"collection":[{"href":"https:\/\/larhogar.shop\/en\/wp-json\/wp\/v2\/product"}],"about":[{"href":"https:\/\/larhogar.shop\/en\/wp-json\/wp\/v2\/types\/product"}],"replies":[{"embeddable":true,"href":"https:\/\/larhogar.shop\/en\/wp-json\/wp\/v2\/comments?post=31708"}],"version-history":[{"count":0,"href":"https:\/\/larhogar.shop\/en\/wp-json\/wp\/v2\/product\/31708\/revisions"}],"wp:featuredmedia":[{"embeddable":true,"href":"https:\/\/larhogar.shop\/en\/wp-json\/wp\/v2\/media\/31712"}],"wp:attachment":[{"href":"https:\/\/larhogar.shop\/en\/wp-json\/wp\/v2\/media?parent=31708"}],"wp:term":[{"taxonomy":"product_brand","embeddable":true,"href":"https:\/\/larhogar.shop\/en\/wp-json\/wp\/v2\/product_brand?post=31708"},{"taxonomy":"product_cat","embeddable":true,"href":"https:\/\/larhogar.shop\/en\/wp-json\/wp\/v2\/product_cat?post=31708"},{"taxonomy":"product_tag","embeddable":true,"href":"https:\/\/larhogar.shop\/en\/wp-json\/wp\/v2\/product_tag?post=31708"}],"curies":[{"name":"wp","href":"https:\/\/api.w.org\/{rel}","templated":true}]}}